{"id":44872,"date":"2024-06-07T14:01:36","date_gmt":"2024-06-07T12:01:36","guid":{"rendered":"https:\/\/galerialamanai.com\/comprar-arte-mexico\/uncategorized\/alebrije-chango-37-senor-de-las-artes\/"},"modified":"2024-06-07T17:20:42","modified_gmt":"2024-06-07T15:20:42","slug":"alebrije-chango-37-senor-de-las-artes","status":"publish","type":"product","link":"https:\/\/galerialamanai.com\/en\/buy-art-mexico\/alebrijes-tonas-and-nahuales\/workshop-jacobo-and-maria-angeles\/alebrije-chango-37-senor-de-las-artes\/","title":{"rendered":"Alebrije Chango #37 &#8221; Se\u00f1or de las Artes&#8221;."},"content":{"rendered":"<div class=\"et_pb_module et_pb_wc_description et_pb_wc_description_1_tb_body et_pb_bg_layout_light et_pb_text_align_left\">\n<div class=\"et_pb_module_inner\">\n<p><strong>Workshop: Jacobo y Mar\u00eda \u00c1ngeles.<\/strong><\/p>\n<p><strong>Origin: Oaxaca, M\u00e9xico.<\/strong><\/p>\n<p><strong>Symbols: <\/strong><\/p>\n<p><strong>Home- Protection.\u00a0 Rattlesnake \u2013 Maximum Power.\u00a0 Mountain-Field.\u00a0 Labyrinth- Search\u00a0 \u00a0Person- Community.\u00a0 Ant &#8211; Work.<\/strong><\/p>\n<p><b>This figure was made entirely by hand. It\u2019s shape, design and decoration are unique and unrepeatable.<\/b><\/p>\n<p>The traditional Mexican copal tree is planted and harvested, so that expert carvers can complete shaping its pieces in the way which Nature intended for it. A wavy branch will become a stalking cat, another branch is a coyote howling at the moon. After the carving is completed, the wood has to rest and wait patiently for all moisture to come out of its interior, revealing the veins and cracks that need to be healed . The process can takes several months, according to the size of the piece, and only ends when it is completely smooth and ready for background coloring. It is later, during the decoration process, that patterns and colors of extraordinary beauty and meaning are developed, witnesses of the Legacy and the Wisdom of the ancient Zapotecs for the new generations.<\/p>\n<p><em><strong>\u201cIn the past, all babies who was born in our village received their father blessing in form of a specific animal, assigned to them. They will wear those small carved animals around their neck during their whole life\u201d.<\/strong><\/em><em><strong>(Jacobo Angeles).<\/strong><\/em><\/p>\n<\/div>\n<\/div>\n<div class=\"et_pb_module et_pb_wc_reviews_0_tb_body et_pb_comments_module et_pb_bg_layout_light et_pb_no_avatar et_pb_no_comments_count et_pb_wc_reviews\">\n<div id=\"reviews\" class=\"woocommerce-Reviews\">\n<div id=\"comments\"><\/div>\n<\/div>\n<\/div>\n","protected":false},"excerpt":{"rendered":"<p><strong>Size: 14.5 x 16 x 7 cm.<\/strong><\/p>\n<p><strong>Material : Copal Wood. ( Bursera Glabrifolia).\u00a0<\/strong><\/p>\n","protected":false},"featured_media":44834,"comment_status":"open","ping_status":"closed","template":"","meta":{"_et_pb_use_builder":"","_et_pb_old_content":"","_et_gb_content_width":"","inline_featured_image":false},"product_brand":[],"product_cat":[42,44],"product_tag":[],"class_list":{"0":"post-44872","1":"product","2":"type-product","3":"status-publish","4":"has-post-thumbnail","6":"product_cat-alebrijes-tonas-and-nahuales","7":"product_cat-workshop-jacobo-and-maria-angeles","9":"first","10":"instock","11":"taxable","12":"shipping-taxable","13":"purchasable","14":"product-type-simple"},"yoast_head":"<!-- This site is optimized with the Yoast SEO plugin v25.9 - https:\/\/yoast.com\/wordpress\/plugins\/seo\/ -->\n<title>Alebrije Chango #37 &quot; Se\u00f1or de las Artes&quot;. - Galer\u00eda Lamanai<\/title>\n<meta name=\"description\" content=\"Workshop: Jacobo y Mar\u00eda \u00c1ngeles.Origin: Oaxaca, M\u00e9xico.Symbols:\u00a0 \u00a0 \u00a0 \u00a0 \u00a0 \u00a0 \u00a0 \u00a0 \u00a0 \u00a0 \u00a0 \u00a0 \u00a0 \u00a0 \u00a0 \u00a0 \u00a0 \u00a0 \u00a0 \u00a0 \u00a0 \u00a0 \u00a0 \u00a0 \u00a0 \u00a0 \u00a0 \u00a0 \u00a0 \u00a0 \u00a0 \u00a0 \u00a0 \u00a0 \u00a0 \u00a0 \u00a0 \u00a0 \u00a0 \u00a0 \u00a0 \u00a0 \u00a0 \u00a0 \u00a0 \u00a0 \u00a0 \u00a0 \u00a0 \u00a0 \u00a0 \u00a0 \u00a0 \u00a0 \u00a0 \u00a0 \u00a0 \u00a0 \u00a0 \u00a0 \u00a0 \u00a0 \u00a0 \u00a0 \u00a0 \u00a0 \u00a0 \u00a0 \u00a0 \u00a0 \u00a0 \u00a0 \u00a0 \u00a0 \u00a0 \u00a0 \u00a0 \u00a0 \u00a0 \u00a0 \u00a0 \u00a0 \u00a0 \u00a0 \u00a0 \u00a0 \u00a0 \u00a0 Home- Protection. Rattlesnake \u2013 Maximum Power. Mountain - Field. Labyrinth- Search\u00a0 Person- Community. Ant - Work.This figure was made entirely by hand. It\u2019s shape, design and decoration are unique and unrepeatable.The traditional Mexican copal tree is planted and harvested, so that expert carvers can complete shaping its pieces in the way which Nature intended for it. A wavy branch will become a stalking cat, another branch is a coyote howling at the moon. After the carving is completed, the wood has to rest and wait patiently for all moisture to come out of its interior, revealing the veins and cracks that need to be healed . The process can takes several months, according to the size of the piece, and only ends when it is completely smooth and ready for background coloring. It is later, during the decoration process, that patterns and colors of extraordinary beauty and meaning are developed, witnesses of the Legacy and the Wisdom of the ancient Zapotecs for the new generations.\u201cIn the past, all babies who was born in our village received their father blessing in form of a specific animal, assigned to them. They will wear those small carved animals around their neck during their whole life\u201d.(Jacobo Angeles).\" \/>\n<meta name=\"robots\" content=\"index, follow, max-snippet:-1, max-image-preview:large, max-video-preview:-1\" \/>\n<link rel=\"canonical\" href=\"https:\/\/galerialamanai.com\/en\/buy-art-mexico\/alebrijes-tonas-and-nahuales\/workshop-jacobo-and-maria-angeles\/alebrije-chango-37-senor-de-las-artes\/\" \/>\n<meta property=\"og:locale\" content=\"en_US\" \/>\n<meta property=\"og:type\" content=\"article\" \/>\n<meta property=\"og:title\" content=\"Alebrije Chango #37 &quot; Se\u00f1or de las Artes&quot;. - Galer\u00eda Lamanai\" \/>\n<meta property=\"og:description\" content=\"Workshop: Jacobo y Mar\u00eda \u00c1ngeles.Origin: Oaxaca, M\u00e9xico.Symbols:\u00a0 \u00a0 \u00a0 \u00a0 \u00a0 \u00a0 \u00a0 \u00a0 \u00a0 \u00a0 \u00a0 \u00a0 \u00a0 \u00a0 \u00a0 \u00a0 \u00a0 \u00a0 \u00a0 \u00a0 \u00a0 \u00a0 \u00a0 \u00a0 \u00a0 \u00a0 \u00a0 \u00a0 \u00a0 \u00a0 \u00a0 \u00a0 \u00a0 \u00a0 \u00a0 \u00a0 \u00a0 \u00a0 \u00a0 \u00a0 \u00a0 \u00a0 \u00a0 \u00a0 \u00a0 \u00a0 \u00a0 \u00a0 \u00a0 \u00a0 \u00a0 \u00a0 \u00a0 \u00a0 \u00a0 \u00a0 \u00a0 \u00a0 \u00a0 \u00a0 \u00a0 \u00a0 \u00a0 \u00a0 \u00a0 \u00a0 \u00a0 \u00a0 \u00a0 \u00a0 \u00a0 \u00a0 \u00a0 \u00a0 \u00a0 \u00a0 \u00a0 \u00a0 \u00a0 \u00a0 \u00a0 \u00a0 \u00a0 \u00a0 \u00a0 \u00a0 \u00a0 \u00a0 Home- Protection. Rattlesnake \u2013 Maximum Power. Mountain - Field. Labyrinth- Search\u00a0 Person- Community. Ant - Work.This figure was made entirely by hand. It\u2019s shape, design and decoration are unique and unrepeatable.The traditional Mexican copal tree is planted and harvested, so that expert carvers can complete shaping its pieces in the way which Nature intended for it. A wavy branch will become a stalking cat, another branch is a coyote howling at the moon. After the carving is completed, the wood has to rest and wait patiently for all moisture to come out of its interior, revealing the veins and cracks that need to be healed . The process can takes several months, according to the size of the piece, and only ends when it is completely smooth and ready for background coloring. It is later, during the decoration process, that patterns and colors of extraordinary beauty and meaning are developed, witnesses of the Legacy and the Wisdom of the ancient Zapotecs for the new generations.\u201cIn the past, all babies who was born in our village received their father blessing in form of a specific animal, assigned to them. They will wear those small carved animals around their neck during their whole life\u201d.(Jacobo Angeles).\" \/>\n<meta property=\"og:url\" content=\"https:\/\/galerialamanai.com\/en\/buy-art-mexico\/alebrijes-tonas-and-nahuales\/workshop-jacobo-and-maria-angeles\/alebrije-chango-37-senor-de-las-artes\/\" \/>\n<meta property=\"og:site_name\" content=\"Galer\u00eda Lamanai\" \/>\n<meta property=\"article:modified_time\" content=\"2024-06-07T15:20:42+00:00\" \/>\n<meta property=\"og:image\" content=\"https:\/\/galerialamanai.com\/wp-content\/uploads\/2024\/06\/IMG_1813.jpg\" \/>\n\t<meta property=\"og:image:width\" content=\"800\" \/>\n\t<meta property=\"og:image:height\" content=\"800\" \/>\n\t<meta property=\"og:image:type\" content=\"image\/jpeg\" \/>\n<meta name=\"twitter:card\" content=\"summary_large_image\" \/>\n<meta name=\"twitter:label1\" content=\"Est. reading time\" \/>\n\t<meta name=\"twitter:data1\" content=\"2 minutes\" \/>\n<script type=\"application\/ld+json\" class=\"yoast-schema-graph\">{\"@context\":\"https:\/\/schema.org\",\"@graph\":[{\"@type\":\"WebPage\",\"@id\":\"https:\/\/galerialamanai.com\/en\/buy-art-mexico\/alebrijes-tonas-and-nahuales\/workshop-jacobo-and-maria-angeles\/alebrije-chango-37-senor-de-las-artes\/\",\"url\":\"https:\/\/galerialamanai.com\/en\/buy-art-mexico\/alebrijes-tonas-and-nahuales\/workshop-jacobo-and-maria-angeles\/alebrije-chango-37-senor-de-las-artes\/\",\"name\":\"Alebrije Chango #37 \\\" Se\u00f1or de las Artes\\\". - Galer\u00eda Lamanai\",\"isPartOf\":{\"@id\":\"https:\/\/galerialamanai.com\/en\/#website\"},\"primaryImageOfPage\":{\"@id\":\"https:\/\/galerialamanai.com\/en\/buy-art-mexico\/alebrijes-tonas-and-nahuales\/workshop-jacobo-and-maria-angeles\/alebrije-chango-37-senor-de-las-artes\/#primaryimage\"},\"image\":{\"@id\":\"https:\/\/galerialamanai.com\/en\/buy-art-mexico\/alebrijes-tonas-and-nahuales\/workshop-jacobo-and-maria-angeles\/alebrije-chango-37-senor-de-las-artes\/#primaryimage\"},\"thumbnailUrl\":\"https:\/\/galerialamanai.com\/wp-content\/uploads\/2024\/06\/IMG_1813.jpg\",\"datePublished\":\"2024-06-07T12:01:36+00:00\",\"dateModified\":\"2024-06-07T15:20:42+00:00\",\"description\":\"Workshop: Jacobo y Mar\u00eda \u00c1ngeles.Origin: Oaxaca, M\u00e9xico.Symbols:\u00a0 \u00a0 \u00a0 \u00a0 \u00a0 \u00a0 \u00a0 \u00a0 \u00a0 \u00a0 \u00a0 \u00a0 \u00a0 \u00a0 \u00a0 \u00a0 \u00a0 \u00a0 \u00a0 \u00a0 \u00a0 \u00a0 \u00a0 \u00a0 \u00a0 \u00a0 \u00a0 \u00a0 \u00a0 \u00a0 \u00a0 \u00a0 \u00a0 \u00a0 \u00a0 \u00a0 \u00a0 \u00a0 \u00a0 \u00a0 \u00a0 \u00a0 \u00a0 \u00a0 \u00a0 \u00a0 \u00a0 \u00a0 \u00a0 \u00a0 \u00a0 \u00a0 \u00a0 \u00a0 \u00a0 \u00a0 \u00a0 \u00a0 \u00a0 \u00a0 \u00a0 \u00a0 \u00a0 \u00a0 \u00a0 \u00a0 \u00a0 \u00a0 \u00a0 \u00a0 \u00a0 \u00a0 \u00a0 \u00a0 \u00a0 \u00a0 \u00a0 \u00a0 \u00a0 \u00a0 \u00a0 \u00a0 \u00a0 \u00a0 \u00a0 \u00a0 \u00a0 \u00a0 Home- Protection. Rattlesnake \u2013 Maximum Power. Mountain - Field. Labyrinth- Search\u00a0 Person- Community. Ant - Work.This figure was made entirely by hand. It\u2019s shape, design and decoration are unique and unrepeatable.The traditional Mexican copal tree is planted and harvested, so that expert carvers can complete shaping its pieces in the way which Nature intended for it. A wavy branch will become a stalking cat, another branch is a coyote howling at the moon. After the carving is completed, the wood has to rest and wait patiently for all moisture to come out of its interior, revealing the veins and cracks that need to be healed . The process can takes several months, according to the size of the piece, and only ends when it is completely smooth and ready for background coloring. It is later, during the decoration process, that patterns and colors of extraordinary beauty and meaning are developed, witnesses of the Legacy and the Wisdom of the ancient Zapotecs for the new generations.\u201cIn the past, all babies who was born in our village received their father blessing in form of a specific animal, assigned to them. They will wear those small carved animals around their neck during their whole life\u201d.(Jacobo Angeles).\",\"breadcrumb\":{\"@id\":\"https:\/\/galerialamanai.com\/en\/buy-art-mexico\/alebrijes-tonas-and-nahuales\/workshop-jacobo-and-maria-angeles\/alebrije-chango-37-senor-de-las-artes\/#breadcrumb\"},\"inLanguage\":\"en-US\",\"potentialAction\":[{\"@type\":\"ReadAction\",\"target\":[\"https:\/\/galerialamanai.com\/en\/buy-art-mexico\/alebrijes-tonas-and-nahuales\/workshop-jacobo-and-maria-angeles\/alebrije-chango-37-senor-de-las-artes\/\"]}]},{\"@type\":\"ImageObject\",\"inLanguage\":\"en-US\",\"@id\":\"https:\/\/galerialamanai.com\/en\/buy-art-mexico\/alebrijes-tonas-and-nahuales\/workshop-jacobo-and-maria-angeles\/alebrije-chango-37-senor-de-las-artes\/#primaryimage\",\"url\":\"https:\/\/galerialamanai.com\/wp-content\/uploads\/2024\/06\/IMG_1813.jpg\",\"contentUrl\":\"https:\/\/galerialamanai.com\/wp-content\/uploads\/2024\/06\/IMG_1813.jpg\",\"width\":800,\"height\":800},{\"@type\":\"BreadcrumbList\",\"@id\":\"https:\/\/galerialamanai.com\/en\/buy-art-mexico\/alebrijes-tonas-and-nahuales\/workshop-jacobo-and-maria-angeles\/alebrije-chango-37-senor-de-las-artes\/#breadcrumb\",\"itemListElement\":[{\"@type\":\"ListItem\",\"position\":1,\"name\":\"Portada\",\"item\":\"https:\/\/galerialamanai.com\/en\/\"},{\"@type\":\"ListItem\",\"position\":2,\"name\":\"Shop\",\"item\":\"https:\/\/galerialamanai.com\/en\/tienda\/\"},{\"@type\":\"ListItem\",\"position\":3,\"name\":\"Alebrije Chango #37 &#8221; Se\u00f1or de las Artes&#8221;.\"}]},{\"@type\":\"WebSite\",\"@id\":\"https:\/\/galerialamanai.com\/en\/#website\",\"url\":\"https:\/\/galerialamanai.com\/en\/\",\"name\":\"Galer\u00eda Lamanai\",\"description\":\"A tribute to Mexican art, its great masters and creators\",\"publisher\":{\"@id\":\"https:\/\/galerialamanai.com\/en\/#organization\"},\"potentialAction\":[{\"@type\":\"SearchAction\",\"target\":{\"@type\":\"EntryPoint\",\"urlTemplate\":\"https:\/\/galerialamanai.com\/en\/?s={search_term_string}\"},\"query-input\":{\"@type\":\"PropertyValueSpecification\",\"valueRequired\":true,\"valueName\":\"search_term_string\"}}],\"inLanguage\":\"en-US\"},{\"@type\":\"Organization\",\"@id\":\"https:\/\/galerialamanai.com\/en\/#organization\",\"name\":\"Galer\u00eda Lamanai\",\"url\":\"https:\/\/galerialamanai.com\/en\/\",\"logo\":{\"@type\":\"ImageObject\",\"inLanguage\":\"en-US\",\"@id\":\"https:\/\/galerialamanai.com\/en\/#\/schema\/logo\/image\/\",\"url\":\"https:\/\/galerialamanai.com\/wp-content\/uploads\/2020\/09\/galeria_lamanai_logo.png\",\"contentUrl\":\"https:\/\/galerialamanai.com\/wp-content\/uploads\/2020\/09\/galeria_lamanai_logo.png\",\"width\":549,\"height\":185,\"caption\":\"Galer\u00eda Lamanai\"},\"image\":{\"@id\":\"https:\/\/galerialamanai.com\/en\/#\/schema\/logo\/image\/\"}}]}<\/script>\n<!-- \/ Yoast SEO plugin. -->","yoast_head_json":{"title":"Alebrije Chango #37 \" Se\u00f1or de las Artes\". - Galer\u00eda Lamanai","description":"Workshop: Jacobo y Mar\u00eda \u00c1ngeles.Origin: Oaxaca, M\u00e9xico.Symbols:\u00a0 \u00a0 \u00a0 \u00a0 \u00a0 \u00a0 \u00a0 \u00a0 \u00a0 \u00a0 \u00a0 \u00a0 \u00a0 \u00a0 \u00a0 \u00a0 \u00a0 \u00a0 \u00a0 \u00a0 \u00a0 \u00a0 \u00a0 \u00a0 \u00a0 \u00a0 \u00a0 \u00a0 \u00a0 \u00a0 \u00a0 \u00a0 \u00a0 \u00a0 \u00a0 \u00a0 \u00a0 \u00a0 \u00a0 \u00a0 \u00a0 \u00a0 \u00a0 \u00a0 \u00a0 \u00a0 \u00a0 \u00a0 \u00a0 \u00a0 \u00a0 \u00a0 \u00a0 \u00a0 \u00a0 \u00a0 \u00a0 \u00a0 \u00a0 \u00a0 \u00a0 \u00a0 \u00a0 \u00a0 \u00a0 \u00a0 \u00a0 \u00a0 \u00a0 \u00a0 \u00a0 \u00a0 \u00a0 \u00a0 \u00a0 \u00a0 \u00a0 \u00a0 \u00a0 \u00a0 \u00a0 \u00a0 \u00a0 \u00a0 \u00a0 \u00a0 \u00a0 \u00a0 Home- Protection. Rattlesnake \u2013 Maximum Power. Mountain - Field. Labyrinth- Search\u00a0 Person- Community. Ant - Work.This figure was made entirely by hand. It\u2019s shape, design and decoration are unique and unrepeatable.The traditional Mexican copal tree is planted and harvested, so that expert carvers can complete shaping its pieces in the way which Nature intended for it. A wavy branch will become a stalking cat, another branch is a coyote howling at the moon. After the carving is completed, the wood has to rest and wait patiently for all moisture to come out of its interior, revealing the veins and cracks that need to be healed . The process can takes several months, according to the size of the piece, and only ends when it is completely smooth and ready for background coloring. It is later, during the decoration process, that patterns and colors of extraordinary beauty and meaning are developed, witnesses of the Legacy and the Wisdom of the ancient Zapotecs for the new generations.\u201cIn the past, all babies who was born in our village received their father blessing in form of a specific animal, assigned to them. They will wear those small carved animals around their neck during their whole life\u201d.(Jacobo Angeles).","robots":{"index":"index","follow":"follow","max-snippet":"max-snippet:-1","max-image-preview":"max-image-preview:large","max-video-preview":"max-video-preview:-1"},"canonical":"https:\/\/galerialamanai.com\/en\/buy-art-mexico\/alebrijes-tonas-and-nahuales\/workshop-jacobo-and-maria-angeles\/alebrije-chango-37-senor-de-las-artes\/","og_locale":"en_US","og_type":"article","og_title":"Alebrije Chango #37 \" Se\u00f1or de las Artes\". - Galer\u00eda Lamanai","og_description":"Workshop: Jacobo y Mar\u00eda \u00c1ngeles.Origin: Oaxaca, M\u00e9xico.Symbols:\u00a0 \u00a0 \u00a0 \u00a0 \u00a0 \u00a0 \u00a0 \u00a0 \u00a0 \u00a0 \u00a0 \u00a0 \u00a0 \u00a0 \u00a0 \u00a0 \u00a0 \u00a0 \u00a0 \u00a0 \u00a0 \u00a0 \u00a0 \u00a0 \u00a0 \u00a0 \u00a0 \u00a0 \u00a0 \u00a0 \u00a0 \u00a0 \u00a0 \u00a0 \u00a0 \u00a0 \u00a0 \u00a0 \u00a0 \u00a0 \u00a0 \u00a0 \u00a0 \u00a0 \u00a0 \u00a0 \u00a0 \u00a0 \u00a0 \u00a0 \u00a0 \u00a0 \u00a0 \u00a0 \u00a0 \u00a0 \u00a0 \u00a0 \u00a0 \u00a0 \u00a0 \u00a0 \u00a0 \u00a0 \u00a0 \u00a0 \u00a0 \u00a0 \u00a0 \u00a0 \u00a0 \u00a0 \u00a0 \u00a0 \u00a0 \u00a0 \u00a0 \u00a0 \u00a0 \u00a0 \u00a0 \u00a0 \u00a0 \u00a0 \u00a0 \u00a0 \u00a0 \u00a0 Home- Protection. Rattlesnake \u2013 Maximum Power. Mountain - Field. Labyrinth- Search\u00a0 Person- Community. Ant - Work.This figure was made entirely by hand. It\u2019s shape, design and decoration are unique and unrepeatable.The traditional Mexican copal tree is planted and harvested, so that expert carvers can complete shaping its pieces in the way which Nature intended for it. A wavy branch will become a stalking cat, another branch is a coyote howling at the moon. After the carving is completed, the wood has to rest and wait patiently for all moisture to come out of its interior, revealing the veins and cracks that need to be healed . The process can takes several months, according to the size of the piece, and only ends when it is completely smooth and ready for background coloring. It is later, during the decoration process, that patterns and colors of extraordinary beauty and meaning are developed, witnesses of the Legacy and the Wisdom of the ancient Zapotecs for the new generations.\u201cIn the past, all babies who was born in our village received their father blessing in form of a specific animal, assigned to them. They will wear those small carved animals around their neck during their whole life\u201d.(Jacobo Angeles).","og_url":"https:\/\/galerialamanai.com\/en\/buy-art-mexico\/alebrijes-tonas-and-nahuales\/workshop-jacobo-and-maria-angeles\/alebrije-chango-37-senor-de-las-artes\/","og_site_name":"Galer\u00eda Lamanai","article_modified_time":"2024-06-07T15:20:42+00:00","og_image":[{"width":800,"height":800,"url":"https:\/\/galerialamanai.com\/wp-content\/uploads\/2024\/06\/IMG_1813.jpg","type":"image\/jpeg"}],"twitter_card":"summary_large_image","twitter_misc":{"Est. reading time":"2 minutes"},"schema":{"@context":"https:\/\/schema.org","@graph":[{"@type":"WebPage","@id":"https:\/\/galerialamanai.com\/en\/buy-art-mexico\/alebrijes-tonas-and-nahuales\/workshop-jacobo-and-maria-angeles\/alebrije-chango-37-senor-de-las-artes\/","url":"https:\/\/galerialamanai.com\/en\/buy-art-mexico\/alebrijes-tonas-and-nahuales\/workshop-jacobo-and-maria-angeles\/alebrije-chango-37-senor-de-las-artes\/","name":"Alebrije Chango #37 \" Se\u00f1or de las Artes\". - Galer\u00eda Lamanai","isPartOf":{"@id":"https:\/\/galerialamanai.com\/en\/#website"},"primaryImageOfPage":{"@id":"https:\/\/galerialamanai.com\/en\/buy-art-mexico\/alebrijes-tonas-and-nahuales\/workshop-jacobo-and-maria-angeles\/alebrije-chango-37-senor-de-las-artes\/#primaryimage"},"image":{"@id":"https:\/\/galerialamanai.com\/en\/buy-art-mexico\/alebrijes-tonas-and-nahuales\/workshop-jacobo-and-maria-angeles\/alebrije-chango-37-senor-de-las-artes\/#primaryimage"},"thumbnailUrl":"https:\/\/galerialamanai.com\/wp-content\/uploads\/2024\/06\/IMG_1813.jpg","datePublished":"2024-06-07T12:01:36+00:00","dateModified":"2024-06-07T15:20:42+00:00","description":"Workshop: Jacobo y Mar\u00eda \u00c1ngeles.Origin: Oaxaca, M\u00e9xico.Symbols:\u00a0 \u00a0 \u00a0 \u00a0 \u00a0 \u00a0 \u00a0 \u00a0 \u00a0 \u00a0 \u00a0 \u00a0 \u00a0 \u00a0 \u00a0 \u00a0 \u00a0 \u00a0 \u00a0 \u00a0 \u00a0 \u00a0 \u00a0 \u00a0 \u00a0 \u00a0 \u00a0 \u00a0 \u00a0 \u00a0 \u00a0 \u00a0 \u00a0 \u00a0 \u00a0 \u00a0 \u00a0 \u00a0 \u00a0 \u00a0 \u00a0 \u00a0 \u00a0 \u00a0 \u00a0 \u00a0 \u00a0 \u00a0 \u00a0 \u00a0 \u00a0 \u00a0 \u00a0 \u00a0 \u00a0 \u00a0 \u00a0 \u00a0 \u00a0 \u00a0 \u00a0 \u00a0 \u00a0 \u00a0 \u00a0 \u00a0 \u00a0 \u00a0 \u00a0 \u00a0 \u00a0 \u00a0 \u00a0 \u00a0 \u00a0 \u00a0 \u00a0 \u00a0 \u00a0 \u00a0 \u00a0 \u00a0 \u00a0 \u00a0 \u00a0 \u00a0 \u00a0 \u00a0 Home- Protection. Rattlesnake \u2013 Maximum Power. Mountain - Field. Labyrinth- Search\u00a0 Person- Community. Ant - Work.This figure was made entirely by hand. It\u2019s shape, design and decoration are unique and unrepeatable.The traditional Mexican copal tree is planted and harvested, so that expert carvers can complete shaping its pieces in the way which Nature intended for it. A wavy branch will become a stalking cat, another branch is a coyote howling at the moon. After the carving is completed, the wood has to rest and wait patiently for all moisture to come out of its interior, revealing the veins and cracks that need to be healed . The process can takes several months, according to the size of the piece, and only ends when it is completely smooth and ready for background coloring. It is later, during the decoration process, that patterns and colors of extraordinary beauty and meaning are developed, witnesses of the Legacy and the Wisdom of the ancient Zapotecs for the new generations.\u201cIn the past, all babies who was born in our village received their father blessing in form of a specific animal, assigned to them. They will wear those small carved animals around their neck during their whole life\u201d.(Jacobo Angeles).","breadcrumb":{"@id":"https:\/\/galerialamanai.com\/en\/buy-art-mexico\/alebrijes-tonas-and-nahuales\/workshop-jacobo-and-maria-angeles\/alebrije-chango-37-senor-de-las-artes\/#breadcrumb"},"inLanguage":"en-US","potentialAction":[{"@type":"ReadAction","target":["https:\/\/galerialamanai.com\/en\/buy-art-mexico\/alebrijes-tonas-and-nahuales\/workshop-jacobo-and-maria-angeles\/alebrije-chango-37-senor-de-las-artes\/"]}]},{"@type":"ImageObject","inLanguage":"en-US","@id":"https:\/\/galerialamanai.com\/en\/buy-art-mexico\/alebrijes-tonas-and-nahuales\/workshop-jacobo-and-maria-angeles\/alebrije-chango-37-senor-de-las-artes\/#primaryimage","url":"https:\/\/galerialamanai.com\/wp-content\/uploads\/2024\/06\/IMG_1813.jpg","contentUrl":"https:\/\/galerialamanai.com\/wp-content\/uploads\/2024\/06\/IMG_1813.jpg","width":800,"height":800},{"@type":"BreadcrumbList","@id":"https:\/\/galerialamanai.com\/en\/buy-art-mexico\/alebrijes-tonas-and-nahuales\/workshop-jacobo-and-maria-angeles\/alebrije-chango-37-senor-de-las-artes\/#breadcrumb","itemListElement":[{"@type":"ListItem","position":1,"name":"Portada","item":"https:\/\/galerialamanai.com\/en\/"},{"@type":"ListItem","position":2,"name":"Shop","item":"https:\/\/galerialamanai.com\/en\/tienda\/"},{"@type":"ListItem","position":3,"name":"Alebrije Chango #37 &#8221; Se\u00f1or de las Artes&#8221;."}]},{"@type":"WebSite","@id":"https:\/\/galerialamanai.com\/en\/#website","url":"https:\/\/galerialamanai.com\/en\/","name":"Galer\u00eda Lamanai","description":"A tribute to Mexican art, its great masters and creators","publisher":{"@id":"https:\/\/galerialamanai.com\/en\/#organization"},"potentialAction":[{"@type":"SearchAction","target":{"@type":"EntryPoint","urlTemplate":"https:\/\/galerialamanai.com\/en\/?s={search_term_string}"},"query-input":{"@type":"PropertyValueSpecification","valueRequired":true,"valueName":"search_term_string"}}],"inLanguage":"en-US"},{"@type":"Organization","@id":"https:\/\/galerialamanai.com\/en\/#organization","name":"Galer\u00eda Lamanai","url":"https:\/\/galerialamanai.com\/en\/","logo":{"@type":"ImageObject","inLanguage":"en-US","@id":"https:\/\/galerialamanai.com\/en\/#\/schema\/logo\/image\/","url":"https:\/\/galerialamanai.com\/wp-content\/uploads\/2020\/09\/galeria_lamanai_logo.png","contentUrl":"https:\/\/galerialamanai.com\/wp-content\/uploads\/2020\/09\/galeria_lamanai_logo.png","width":549,"height":185,"caption":"Galer\u00eda Lamanai"},"image":{"@id":"https:\/\/galerialamanai.com\/en\/#\/schema\/logo\/image\/"}}]}},"_links":{"self":[{"href":"https:\/\/galerialamanai.com\/en\/wp-json\/wp\/v2\/product\/44872","targetHints":{"allow":["GET"]}}],"collection":[{"href":"https:\/\/galerialamanai.com\/en\/wp-json\/wp\/v2\/product"}],"about":[{"href":"https:\/\/galerialamanai.com\/en\/wp-json\/wp\/v2\/types\/product"}],"replies":[{"embeddable":true,"href":"https:\/\/galerialamanai.com\/en\/wp-json\/wp\/v2\/comments?post=44872"}],"wp:featuredmedia":[{"embeddable":true,"href":"https:\/\/galerialamanai.com\/en\/wp-json\/wp\/v2\/media\/44834"}],"wp:attachment":[{"href":"https:\/\/galerialamanai.com\/en\/wp-json\/wp\/v2\/media?parent=44872"}],"wp:term":[{"taxonomy":"product_brand","embeddable":true,"href":"https:\/\/galerialamanai.com\/en\/wp-json\/wp\/v2\/product_brand?post=44872"},{"taxonomy":"product_cat","embeddable":true,"href":"https:\/\/galerialamanai.com\/en\/wp-json\/wp\/v2\/product_cat?post=44872"},{"taxonomy":"product_tag","embeddable":true,"href":"https:\/\/galerialamanai.com\/en\/wp-json\/wp\/v2\/product_tag?post=44872"}],"curies":[{"name":"wp","href":"https:\/\/api.w.org\/{rel}","templated":true}]}}