{"id":4339,"date":"2020-12-29T20:33:52","date_gmt":"2020-12-29T20:33:52","guid":{"rendered":"https:\/\/galerialamanai.com\/comprar-arte-mexico\/uncategorized\/chaak-lino-grabado-papel-amate\/"},"modified":"2024-10-15T19:39:58","modified_gmt":"2024-10-15T17:39:58","slug":"chaak-linocuting-on-amate-paper","status":"publish","type":"product","link":"https:\/\/galerialamanai.com\/en\/buy-art-mexico\/contemporary-art\/felipe-espinoza-en\/chaak-linocuting-on-amate-paper\/","title":{"rendered":"Chaak 2\/20"},"content":{"rendered":"<p><strong>Author: Felipe Espinoza.<\/strong><\/p>\n<p>Lottas, a.k.a. Felipe Espinosa, was born in MexicoCity. He studied under many artists and printmakers in Mexico, including Agust\u00edn Gonz\u00e1lez, Alejandro Morf\u00edn and also master teachers like\u00a0 Luis Nishizawa, and Quint\u00edn Valdez at the Nishizawa Museum. He has participated in group exhibitions in Mexico, London and Chicago. Lottas has also had multiple solo exhibitions at the Cozumel Museum, Mexico, and Lisbon. He won multiple awards for his printmaking and participates on a regular basis in the Bastille Contemporary Art Fair in Paris, Lille and other Art Fairs in Germany.<\/p>\n<p>What\u00a0distinguishes\u00a0Felipe Espinoza\u00a0from\u00a0other\u00a0print\u00a0makers\u00a0is the\u00a0use of amate\u00a0paper\u00a0(sacred\u00a0paper,\u00a0hand\u00a0made\u00a0with\u00a0the fibres\u00a0from\u00a0the\u00a0tree with the same name), as\u00a0well\u00a0as\u00a0the\u00a0use of\u00a0gold,\u00a0silver and copper leaves\u00a0in\u00a0his\u00a0work. In\u00a0this\u00a0regard, he\u00a0earned\u00a0a diploma in\u00a0the\u00a0restoration\u00a0of art and\u00a0gold\u00a0leafing,\u00a0from\u00a0the Florence\u00a0School\u00a0\u201cOro e Colore\u201d in\u00a0Italy.<\/p>\n<p>Lottas is\u00a0mostly\u00a0known\u00a0as a\u00a0printmaker\u00a0and\u00a0works\u00a0in\u00a0the\u00a0techniques\u00a0of\u00a0linocut,\u00a0woodcut,\u00a0relief\u00a0printing, and dry\u00a0point. He\u00a0also\u00a0creates\u00a0paintings\u00a0in\u00a0acrylic,\u00a0oil,\u00a0and\u00a0encaustic\u00a0wax.<\/p>\n<p>Today\u00a0he\u00a0works\u00a0with\u00a0various\u00a0galleries\u00a0in\u00a0the Riviera Maya,\u00a0Berlin,\u00a0Lisbon, Marbella and\u00a0Prague. He\u00a0lives between\u00a0Mexico\u00a0and\u00a0Europe,\u00a0taking\u00a0inspiration\u00a0in\u00a0his Mexican\u00a0roots\u00a0and\u00a0his\u00a0travels.<\/p>\n","protected":false},"excerpt":{"rendered":"<p class=\"p1\"><span class=\"s1\">The linoleum engraving technique, or linocutting, is highly esteemed and in modern times, used by visual artists all over the world, including. It is a variant of engraving where a linoleum sheet is used as the matrix. The design is manually engraved in a negative using a sharp knife, gouge or chisel.<\/span><\/p>\n<p class=\"p1\"><span class=\"s1\">Amate is considered a sacred paper, used in Mexico since over a thousand years. It is obtained by a manual process with the fibers of the amate tree.<\/span><\/p>\n<p>Size: 40x60cm<\/p>\n<p class=\"p1\"><span class=\"s1\"><b>Chaak<\/b>, (or Chaac), was an important god of the Mayan pantheon. Known as the God of thunder, rain and the cardinal points. He is associated above all with water and therefore a deity with a great influence on the daily life of the Mayans, a society mostly dedicated to agriculture. Even nowadays, they pay tribute to<\/span> <span class=\"s1\">this god, so that the crops would never lack water.<\/span><\/p>\n<p class=\"p1\"><span class=\"s1\"><b>Chaac<\/b> was characterized by four colors which symbolized the 4 cardinal points and theirs representations:<\/span><\/p>\n<p class=\"p2\">\n<p class=\"p1\"><span class=\"s1\">Ek Xib: color black, the black raven.<\/span><\/p>\n<p class=\"p1\"><span class=\"s1\">Sac Xib<span class=\"Apple-converted-space\">\u00a0 <\/span>color white, the white dove.<\/span><\/p>\n<p class=\"p1\"><span class=\"s1\">Kan Xib: color yellow, the yellow eagle.<\/span><\/p>\n<p class=\"p1\"><span class=\"s1\">Chac Xib: color red, the red pheasant.<\/span><\/p>\n","protected":false},"featured_media":4338,"comment_status":"open","ping_status":"closed","template":"","meta":{"_et_pb_use_builder":"","_et_pb_old_content":"","_et_gb_content_width":"","inline_featured_image":false},"product_brand":[],"product_cat":[46,124],"product_tag":[],"class_list":{"0":"post-4339","1":"product","2":"type-product","3":"status-publish","4":"has-post-thumbnail","6":"product_cat-contemporary-art","7":"product_cat-felipe-espinoza-en","8":"product_shipping_class-free-shipping-espinoza","10":"first","11":"instock","12":"taxable","13":"shipping-taxable","14":"purchasable","15":"product-type-simple"},"yoast_head":"<!-- This site is optimized with the Yoast SEO plugin v25.9 - https:\/\/yoast.com\/wordpress\/plugins\/seo\/ -->\n<title>Chaak 2\/20 - Galer\u00eda Lamanai<\/title>\n<meta name=\"description\" content=\"Author: Felipe Espinoza.Lottas, a.k.a. Felipe Espinosa, was born in MexicoCity. He studied under many artists and printmakers in Mexico, including Agust\u00edn Gonz\u00e1lez, Alejandro Morf\u00edn and also master teachers like\u00a0 Luis Nishizawa, and Quint\u00edn Valdez at the Nishizawa Museum. He has participated in group exhibitions in Mexico, London and Chicago. Lottas has also had multiple solo exhibitions at the Cozumel Museum, Mexico, and Lisbon. He won multiple awards for his printmaking and participates on a regular basis in the Bastille Contemporary Art Fair in Paris, Lille and other Art Fairs in Germany.What\u00a0distinguishes\u00a0Felipe Espinoza\u00a0from\u00a0other\u00a0print\u00a0makers\u00a0is the\u00a0use of amate\u00a0paper\u00a0(sacred\u00a0paper,\u00a0hand\u00a0made\u00a0with\u00a0the fibres\u00a0from\u00a0the\u00a0tree with the same name), as\u00a0well\u00a0as\u00a0the\u00a0use of\u00a0gold,\u00a0silver and copper leaves\u00a0in\u00a0his\u00a0work. In\u00a0this\u00a0regard, he\u00a0earned\u00a0a diploma in\u00a0the\u00a0restoration\u00a0of art and\u00a0gold\u00a0leafing,\u00a0from\u00a0the Florence\u00a0School\u00a0\u201cOro e Colore\u201d in\u00a0Italy.Lottas is\u00a0mostly\u00a0known\u00a0as a\u00a0printmaker\u00a0and\u00a0works\u00a0in\u00a0the\u00a0techniques\u00a0of\u00a0linocut,\u00a0woodcut,\u00a0relief\u00a0printing, and dry\u00a0point. He\u00a0also\u00a0creates\u00a0paintings\u00a0in\u00a0acrylic,\u00a0oil,\u00a0and\u00a0encaustic\u00a0wax.Today\u00a0he\u00a0works\u00a0with\u00a0various\u00a0galleries\u00a0in\u00a0the Riviera Maya,\u00a0Berlin,\u00a0Lisbon, Marbella and\u00a0Prague. He\u00a0lives between\u00a0Mexico\u00a0and\u00a0Europe,\u00a0taking\u00a0inspiration\u00a0in\u00a0his Mexican\u00a0roots\u00a0and\u00a0his\u00a0travels.\" \/>\n<meta name=\"robots\" content=\"index, follow, max-snippet:-1, max-image-preview:large, max-video-preview:-1\" \/>\n<link rel=\"canonical\" href=\"https:\/\/galerialamanai.com\/en\/buy-art-mexico\/contemporary-art\/felipe-espinoza-en\/chaak-linocuting-on-amate-paper\/\" \/>\n<meta property=\"og:locale\" content=\"en_US\" \/>\n<meta property=\"og:type\" content=\"article\" \/>\n<meta property=\"og:title\" content=\"Chaak 2\/20 - Galer\u00eda Lamanai\" \/>\n<meta property=\"og:description\" content=\"Author: Felipe Espinoza.Lottas, a.k.a. Felipe Espinosa, was born in MexicoCity. He studied under many artists and printmakers in Mexico, including Agust\u00edn Gonz\u00e1lez, Alejandro Morf\u00edn and also master teachers like\u00a0 Luis Nishizawa, and Quint\u00edn Valdez at the Nishizawa Museum. He has participated in group exhibitions in Mexico, London and Chicago. Lottas has also had multiple solo exhibitions at the Cozumel Museum, Mexico, and Lisbon. He won multiple awards for his printmaking and participates on a regular basis in the Bastille Contemporary Art Fair in Paris, Lille and other Art Fairs in Germany.What\u00a0distinguishes\u00a0Felipe Espinoza\u00a0from\u00a0other\u00a0print\u00a0makers\u00a0is the\u00a0use of amate\u00a0paper\u00a0(sacred\u00a0paper,\u00a0hand\u00a0made\u00a0with\u00a0the fibres\u00a0from\u00a0the\u00a0tree with the same name), as\u00a0well\u00a0as\u00a0the\u00a0use of\u00a0gold,\u00a0silver and copper leaves\u00a0in\u00a0his\u00a0work. In\u00a0this\u00a0regard, he\u00a0earned\u00a0a diploma in\u00a0the\u00a0restoration\u00a0of art and\u00a0gold\u00a0leafing,\u00a0from\u00a0the Florence\u00a0School\u00a0\u201cOro e Colore\u201d in\u00a0Italy.Lottas is\u00a0mostly\u00a0known\u00a0as a\u00a0printmaker\u00a0and\u00a0works\u00a0in\u00a0the\u00a0techniques\u00a0of\u00a0linocut,\u00a0woodcut,\u00a0relief\u00a0printing, and dry\u00a0point. He\u00a0also\u00a0creates\u00a0paintings\u00a0in\u00a0acrylic,\u00a0oil,\u00a0and\u00a0encaustic\u00a0wax.Today\u00a0he\u00a0works\u00a0with\u00a0various\u00a0galleries\u00a0in\u00a0the Riviera Maya,\u00a0Berlin,\u00a0Lisbon, Marbella and\u00a0Prague. He\u00a0lives between\u00a0Mexico\u00a0and\u00a0Europe,\u00a0taking\u00a0inspiration\u00a0in\u00a0his Mexican\u00a0roots\u00a0and\u00a0his\u00a0travels.\" \/>\n<meta property=\"og:url\" content=\"https:\/\/galerialamanai.com\/en\/buy-art-mexico\/contemporary-art\/felipe-espinoza-en\/chaak-linocuting-on-amate-paper\/\" \/>\n<meta property=\"og:site_name\" content=\"Galer\u00eda Lamanai\" \/>\n<meta property=\"article:modified_time\" content=\"2024-10-15T17:39:58+00:00\" \/>\n<meta property=\"og:image\" content=\"https:\/\/galerialamanai.com\/wp-content\/uploads\/2020\/12\/IMG_7845-1.jpg\" \/>\n\t<meta property=\"og:image:width\" content=\"900\" \/>\n\t<meta property=\"og:image:height\" content=\"622\" \/>\n\t<meta property=\"og:image:type\" content=\"image\/jpeg\" \/>\n<meta name=\"twitter:card\" content=\"summary_large_image\" \/>\n<meta name=\"twitter:label1\" content=\"Est. reading time\" \/>\n\t<meta name=\"twitter:data1\" content=\"1 minute\" \/>\n<script type=\"application\/ld+json\" class=\"yoast-schema-graph\">{\"@context\":\"https:\/\/schema.org\",\"@graph\":[{\"@type\":\"WebPage\",\"@id\":\"https:\/\/galerialamanai.com\/en\/buy-art-mexico\/contemporary-art\/felipe-espinoza-en\/chaak-linocuting-on-amate-paper\/\",\"url\":\"https:\/\/galerialamanai.com\/en\/buy-art-mexico\/contemporary-art\/felipe-espinoza-en\/chaak-linocuting-on-amate-paper\/\",\"name\":\"Chaak 2\/20 - Galer\u00eda Lamanai\",\"isPartOf\":{\"@id\":\"https:\/\/galerialamanai.com\/en\/#website\"},\"primaryImageOfPage\":{\"@id\":\"https:\/\/galerialamanai.com\/en\/buy-art-mexico\/contemporary-art\/felipe-espinoza-en\/chaak-linocuting-on-amate-paper\/#primaryimage\"},\"image\":{\"@id\":\"https:\/\/galerialamanai.com\/en\/buy-art-mexico\/contemporary-art\/felipe-espinoza-en\/chaak-linocuting-on-amate-paper\/#primaryimage\"},\"thumbnailUrl\":\"https:\/\/galerialamanai.com\/wp-content\/uploads\/2020\/12\/IMG_7845-1.jpg\",\"datePublished\":\"2020-12-29T20:33:52+00:00\",\"dateModified\":\"2024-10-15T17:39:58+00:00\",\"description\":\"Author: Felipe Espinoza.Lottas, a.k.a. Felipe Espinosa, was born in MexicoCity. He studied under many artists and printmakers in Mexico, including Agust\u00edn Gonz\u00e1lez, Alejandro Morf\u00edn and also master teachers like\u00a0 Luis Nishizawa, and Quint\u00edn Valdez at the Nishizawa Museum. He has participated in group exhibitions in Mexico, London and Chicago. Lottas has also had multiple solo exhibitions at the Cozumel Museum, Mexico, and Lisbon. He won multiple awards for his printmaking and participates on a regular basis in the Bastille Contemporary Art Fair in Paris, Lille and other Art Fairs in Germany.What\u00a0distinguishes\u00a0Felipe Espinoza\u00a0from\u00a0other\u00a0print\u00a0makers\u00a0is the\u00a0use of amate\u00a0paper\u00a0(sacred\u00a0paper,\u00a0hand\u00a0made\u00a0with\u00a0the fibres\u00a0from\u00a0the\u00a0tree with the same name), as\u00a0well\u00a0as\u00a0the\u00a0use of\u00a0gold,\u00a0silver and copper leaves\u00a0in\u00a0his\u00a0work. In\u00a0this\u00a0regard, he\u00a0earned\u00a0a diploma in\u00a0the\u00a0restoration\u00a0of art and\u00a0gold\u00a0leafing,\u00a0from\u00a0the Florence\u00a0School\u00a0\u201cOro e Colore\u201d in\u00a0Italy.Lottas is\u00a0mostly\u00a0known\u00a0as a\u00a0printmaker\u00a0and\u00a0works\u00a0in\u00a0the\u00a0techniques\u00a0of\u00a0linocut,\u00a0woodcut,\u00a0relief\u00a0printing, and dry\u00a0point. He\u00a0also\u00a0creates\u00a0paintings\u00a0in\u00a0acrylic,\u00a0oil,\u00a0and\u00a0encaustic\u00a0wax.Today\u00a0he\u00a0works\u00a0with\u00a0various\u00a0galleries\u00a0in\u00a0the Riviera Maya,\u00a0Berlin,\u00a0Lisbon, Marbella and\u00a0Prague. He\u00a0lives between\u00a0Mexico\u00a0and\u00a0Europe,\u00a0taking\u00a0inspiration\u00a0in\u00a0his Mexican\u00a0roots\u00a0and\u00a0his\u00a0travels.\",\"breadcrumb\":{\"@id\":\"https:\/\/galerialamanai.com\/en\/buy-art-mexico\/contemporary-art\/felipe-espinoza-en\/chaak-linocuting-on-amate-paper\/#breadcrumb\"},\"inLanguage\":\"en-US\",\"potentialAction\":[{\"@type\":\"ReadAction\",\"target\":[\"https:\/\/galerialamanai.com\/en\/buy-art-mexico\/contemporary-art\/felipe-espinoza-en\/chaak-linocuting-on-amate-paper\/\"]}]},{\"@type\":\"ImageObject\",\"inLanguage\":\"en-US\",\"@id\":\"https:\/\/galerialamanai.com\/en\/buy-art-mexico\/contemporary-art\/felipe-espinoza-en\/chaak-linocuting-on-amate-paper\/#primaryimage\",\"url\":\"https:\/\/galerialamanai.com\/wp-content\/uploads\/2020\/12\/IMG_7845-1.jpg\",\"contentUrl\":\"https:\/\/galerialamanai.com\/wp-content\/uploads\/2020\/12\/IMG_7845-1.jpg\",\"width\":900,\"height\":622},{\"@type\":\"BreadcrumbList\",\"@id\":\"https:\/\/galerialamanai.com\/en\/buy-art-mexico\/contemporary-art\/felipe-espinoza-en\/chaak-linocuting-on-amate-paper\/#breadcrumb\",\"itemListElement\":[{\"@type\":\"ListItem\",\"position\":1,\"name\":\"Portada\",\"item\":\"https:\/\/galerialamanai.com\/en\/\"},{\"@type\":\"ListItem\",\"position\":2,\"name\":\"Shop\",\"item\":\"https:\/\/galerialamanai.com\/en\/tienda\/\"},{\"@type\":\"ListItem\",\"position\":3,\"name\":\"Chaak 2\/20\"}]},{\"@type\":\"WebSite\",\"@id\":\"https:\/\/galerialamanai.com\/en\/#website\",\"url\":\"https:\/\/galerialamanai.com\/en\/\",\"name\":\"Galer\u00eda Lamanai\",\"description\":\"A tribute to Mexican art, its great masters and creators\",\"publisher\":{\"@id\":\"https:\/\/galerialamanai.com\/en\/#organization\"},\"potentialAction\":[{\"@type\":\"SearchAction\",\"target\":{\"@type\":\"EntryPoint\",\"urlTemplate\":\"https:\/\/galerialamanai.com\/en\/?s={search_term_string}\"},\"query-input\":{\"@type\":\"PropertyValueSpecification\",\"valueRequired\":true,\"valueName\":\"search_term_string\"}}],\"inLanguage\":\"en-US\"},{\"@type\":\"Organization\",\"@id\":\"https:\/\/galerialamanai.com\/en\/#organization\",\"name\":\"Galer\u00eda Lamanai\",\"url\":\"https:\/\/galerialamanai.com\/en\/\",\"logo\":{\"@type\":\"ImageObject\",\"inLanguage\":\"en-US\",\"@id\":\"https:\/\/galerialamanai.com\/en\/#\/schema\/logo\/image\/\",\"url\":\"https:\/\/galerialamanai.com\/wp-content\/uploads\/2020\/09\/galeria_lamanai_logo.png\",\"contentUrl\":\"https:\/\/galerialamanai.com\/wp-content\/uploads\/2020\/09\/galeria_lamanai_logo.png\",\"width\":549,\"height\":185,\"caption\":\"Galer\u00eda Lamanai\"},\"image\":{\"@id\":\"https:\/\/galerialamanai.com\/en\/#\/schema\/logo\/image\/\"}}]}<\/script>\n<!-- \/ Yoast SEO plugin. -->","yoast_head_json":{"title":"Chaak 2\/20 - Galer\u00eda Lamanai","description":"Author: Felipe Espinoza.Lottas, a.k.a. Felipe Espinosa, was born in MexicoCity. He studied under many artists and printmakers in Mexico, including Agust\u00edn Gonz\u00e1lez, Alejandro Morf\u00edn and also master teachers like\u00a0 Luis Nishizawa, and Quint\u00edn Valdez at the Nishizawa Museum. He has participated in group exhibitions in Mexico, London and Chicago. Lottas has also had multiple solo exhibitions at the Cozumel Museum, Mexico, and Lisbon. He won multiple awards for his printmaking and participates on a regular basis in the Bastille Contemporary Art Fair in Paris, Lille and other Art Fairs in Germany.What\u00a0distinguishes\u00a0Felipe Espinoza\u00a0from\u00a0other\u00a0print\u00a0makers\u00a0is the\u00a0use of amate\u00a0paper\u00a0(sacred\u00a0paper,\u00a0hand\u00a0made\u00a0with\u00a0the fibres\u00a0from\u00a0the\u00a0tree with the same name), as\u00a0well\u00a0as\u00a0the\u00a0use of\u00a0gold,\u00a0silver and copper leaves\u00a0in\u00a0his\u00a0work. In\u00a0this\u00a0regard, he\u00a0earned\u00a0a diploma in\u00a0the\u00a0restoration\u00a0of art and\u00a0gold\u00a0leafing,\u00a0from\u00a0the Florence\u00a0School\u00a0\u201cOro e Colore\u201d in\u00a0Italy.Lottas is\u00a0mostly\u00a0known\u00a0as a\u00a0printmaker\u00a0and\u00a0works\u00a0in\u00a0the\u00a0techniques\u00a0of\u00a0linocut,\u00a0woodcut,\u00a0relief\u00a0printing, and dry\u00a0point. He\u00a0also\u00a0creates\u00a0paintings\u00a0in\u00a0acrylic,\u00a0oil,\u00a0and\u00a0encaustic\u00a0wax.Today\u00a0he\u00a0works\u00a0with\u00a0various\u00a0galleries\u00a0in\u00a0the Riviera Maya,\u00a0Berlin,\u00a0Lisbon, Marbella and\u00a0Prague. He\u00a0lives between\u00a0Mexico\u00a0and\u00a0Europe,\u00a0taking\u00a0inspiration\u00a0in\u00a0his Mexican\u00a0roots\u00a0and\u00a0his\u00a0travels.","robots":{"index":"index","follow":"follow","max-snippet":"max-snippet:-1","max-image-preview":"max-image-preview:large","max-video-preview":"max-video-preview:-1"},"canonical":"https:\/\/galerialamanai.com\/en\/buy-art-mexico\/contemporary-art\/felipe-espinoza-en\/chaak-linocuting-on-amate-paper\/","og_locale":"en_US","og_type":"article","og_title":"Chaak 2\/20 - Galer\u00eda Lamanai","og_description":"Author: Felipe Espinoza.Lottas, a.k.a. Felipe Espinosa, was born in MexicoCity. He studied under many artists and printmakers in Mexico, including Agust\u00edn Gonz\u00e1lez, Alejandro Morf\u00edn and also master teachers like\u00a0 Luis Nishizawa, and Quint\u00edn Valdez at the Nishizawa Museum. He has participated in group exhibitions in Mexico, London and Chicago. Lottas has also had multiple solo exhibitions at the Cozumel Museum, Mexico, and Lisbon. He won multiple awards for his printmaking and participates on a regular basis in the Bastille Contemporary Art Fair in Paris, Lille and other Art Fairs in Germany.What\u00a0distinguishes\u00a0Felipe Espinoza\u00a0from\u00a0other\u00a0print\u00a0makers\u00a0is the\u00a0use of amate\u00a0paper\u00a0(sacred\u00a0paper,\u00a0hand\u00a0made\u00a0with\u00a0the fibres\u00a0from\u00a0the\u00a0tree with the same name), as\u00a0well\u00a0as\u00a0the\u00a0use of\u00a0gold,\u00a0silver and copper leaves\u00a0in\u00a0his\u00a0work. In\u00a0this\u00a0regard, he\u00a0earned\u00a0a diploma in\u00a0the\u00a0restoration\u00a0of art and\u00a0gold\u00a0leafing,\u00a0from\u00a0the Florence\u00a0School\u00a0\u201cOro e Colore\u201d in\u00a0Italy.Lottas is\u00a0mostly\u00a0known\u00a0as a\u00a0printmaker\u00a0and\u00a0works\u00a0in\u00a0the\u00a0techniques\u00a0of\u00a0linocut,\u00a0woodcut,\u00a0relief\u00a0printing, and dry\u00a0point. He\u00a0also\u00a0creates\u00a0paintings\u00a0in\u00a0acrylic,\u00a0oil,\u00a0and\u00a0encaustic\u00a0wax.Today\u00a0he\u00a0works\u00a0with\u00a0various\u00a0galleries\u00a0in\u00a0the Riviera Maya,\u00a0Berlin,\u00a0Lisbon, Marbella and\u00a0Prague. He\u00a0lives between\u00a0Mexico\u00a0and\u00a0Europe,\u00a0taking\u00a0inspiration\u00a0in\u00a0his Mexican\u00a0roots\u00a0and\u00a0his\u00a0travels.","og_url":"https:\/\/galerialamanai.com\/en\/buy-art-mexico\/contemporary-art\/felipe-espinoza-en\/chaak-linocuting-on-amate-paper\/","og_site_name":"Galer\u00eda Lamanai","article_modified_time":"2024-10-15T17:39:58+00:00","og_image":[{"width":900,"height":622,"url":"https:\/\/galerialamanai.com\/wp-content\/uploads\/2020\/12\/IMG_7845-1.jpg","type":"image\/jpeg"}],"twitter_card":"summary_large_image","twitter_misc":{"Est. reading time":"1 minute"},"schema":{"@context":"https:\/\/schema.org","@graph":[{"@type":"WebPage","@id":"https:\/\/galerialamanai.com\/en\/buy-art-mexico\/contemporary-art\/felipe-espinoza-en\/chaak-linocuting-on-amate-paper\/","url":"https:\/\/galerialamanai.com\/en\/buy-art-mexico\/contemporary-art\/felipe-espinoza-en\/chaak-linocuting-on-amate-paper\/","name":"Chaak 2\/20 - Galer\u00eda Lamanai","isPartOf":{"@id":"https:\/\/galerialamanai.com\/en\/#website"},"primaryImageOfPage":{"@id":"https:\/\/galerialamanai.com\/en\/buy-art-mexico\/contemporary-art\/felipe-espinoza-en\/chaak-linocuting-on-amate-paper\/#primaryimage"},"image":{"@id":"https:\/\/galerialamanai.com\/en\/buy-art-mexico\/contemporary-art\/felipe-espinoza-en\/chaak-linocuting-on-amate-paper\/#primaryimage"},"thumbnailUrl":"https:\/\/galerialamanai.com\/wp-content\/uploads\/2020\/12\/IMG_7845-1.jpg","datePublished":"2020-12-29T20:33:52+00:00","dateModified":"2024-10-15T17:39:58+00:00","description":"Author: Felipe Espinoza.Lottas, a.k.a. Felipe Espinosa, was born in MexicoCity. He studied under many artists and printmakers in Mexico, including Agust\u00edn Gonz\u00e1lez, Alejandro Morf\u00edn and also master teachers like\u00a0 Luis Nishizawa, and Quint\u00edn Valdez at the Nishizawa Museum. He has participated in group exhibitions in Mexico, London and Chicago. Lottas has also had multiple solo exhibitions at the Cozumel Museum, Mexico, and Lisbon. He won multiple awards for his printmaking and participates on a regular basis in the Bastille Contemporary Art Fair in Paris, Lille and other Art Fairs in Germany.What\u00a0distinguishes\u00a0Felipe Espinoza\u00a0from\u00a0other\u00a0print\u00a0makers\u00a0is the\u00a0use of amate\u00a0paper\u00a0(sacred\u00a0paper,\u00a0hand\u00a0made\u00a0with\u00a0the fibres\u00a0from\u00a0the\u00a0tree with the same name), as\u00a0well\u00a0as\u00a0the\u00a0use of\u00a0gold,\u00a0silver and copper leaves\u00a0in\u00a0his\u00a0work. In\u00a0this\u00a0regard, he\u00a0earned\u00a0a diploma in\u00a0the\u00a0restoration\u00a0of art and\u00a0gold\u00a0leafing,\u00a0from\u00a0the Florence\u00a0School\u00a0\u201cOro e Colore\u201d in\u00a0Italy.Lottas is\u00a0mostly\u00a0known\u00a0as a\u00a0printmaker\u00a0and\u00a0works\u00a0in\u00a0the\u00a0techniques\u00a0of\u00a0linocut,\u00a0woodcut,\u00a0relief\u00a0printing, and dry\u00a0point. He\u00a0also\u00a0creates\u00a0paintings\u00a0in\u00a0acrylic,\u00a0oil,\u00a0and\u00a0encaustic\u00a0wax.Today\u00a0he\u00a0works\u00a0with\u00a0various\u00a0galleries\u00a0in\u00a0the Riviera Maya,\u00a0Berlin,\u00a0Lisbon, Marbella and\u00a0Prague. He\u00a0lives between\u00a0Mexico\u00a0and\u00a0Europe,\u00a0taking\u00a0inspiration\u00a0in\u00a0his Mexican\u00a0roots\u00a0and\u00a0his\u00a0travels.","breadcrumb":{"@id":"https:\/\/galerialamanai.com\/en\/buy-art-mexico\/contemporary-art\/felipe-espinoza-en\/chaak-linocuting-on-amate-paper\/#breadcrumb"},"inLanguage":"en-US","potentialAction":[{"@type":"ReadAction","target":["https:\/\/galerialamanai.com\/en\/buy-art-mexico\/contemporary-art\/felipe-espinoza-en\/chaak-linocuting-on-amate-paper\/"]}]},{"@type":"ImageObject","inLanguage":"en-US","@id":"https:\/\/galerialamanai.com\/en\/buy-art-mexico\/contemporary-art\/felipe-espinoza-en\/chaak-linocuting-on-amate-paper\/#primaryimage","url":"https:\/\/galerialamanai.com\/wp-content\/uploads\/2020\/12\/IMG_7845-1.jpg","contentUrl":"https:\/\/galerialamanai.com\/wp-content\/uploads\/2020\/12\/IMG_7845-1.jpg","width":900,"height":622},{"@type":"BreadcrumbList","@id":"https:\/\/galerialamanai.com\/en\/buy-art-mexico\/contemporary-art\/felipe-espinoza-en\/chaak-linocuting-on-amate-paper\/#breadcrumb","itemListElement":[{"@type":"ListItem","position":1,"name":"Portada","item":"https:\/\/galerialamanai.com\/en\/"},{"@type":"ListItem","position":2,"name":"Shop","item":"https:\/\/galerialamanai.com\/en\/tienda\/"},{"@type":"ListItem","position":3,"name":"Chaak 2\/20"}]},{"@type":"WebSite","@id":"https:\/\/galerialamanai.com\/en\/#website","url":"https:\/\/galerialamanai.com\/en\/","name":"Galer\u00eda Lamanai","description":"A tribute to Mexican art, its great masters and creators","publisher":{"@id":"https:\/\/galerialamanai.com\/en\/#organization"},"potentialAction":[{"@type":"SearchAction","target":{"@type":"EntryPoint","urlTemplate":"https:\/\/galerialamanai.com\/en\/?s={search_term_string}"},"query-input":{"@type":"PropertyValueSpecification","valueRequired":true,"valueName":"search_term_string"}}],"inLanguage":"en-US"},{"@type":"Organization","@id":"https:\/\/galerialamanai.com\/en\/#organization","name":"Galer\u00eda Lamanai","url":"https:\/\/galerialamanai.com\/en\/","logo":{"@type":"ImageObject","inLanguage":"en-US","@id":"https:\/\/galerialamanai.com\/en\/#\/schema\/logo\/image\/","url":"https:\/\/galerialamanai.com\/wp-content\/uploads\/2020\/09\/galeria_lamanai_logo.png","contentUrl":"https:\/\/galerialamanai.com\/wp-content\/uploads\/2020\/09\/galeria_lamanai_logo.png","width":549,"height":185,"caption":"Galer\u00eda Lamanai"},"image":{"@id":"https:\/\/galerialamanai.com\/en\/#\/schema\/logo\/image\/"}}]}},"_links":{"self":[{"href":"https:\/\/galerialamanai.com\/en\/wp-json\/wp\/v2\/product\/4339","targetHints":{"allow":["GET"]}}],"collection":[{"href":"https:\/\/galerialamanai.com\/en\/wp-json\/wp\/v2\/product"}],"about":[{"href":"https:\/\/galerialamanai.com\/en\/wp-json\/wp\/v2\/types\/product"}],"replies":[{"embeddable":true,"href":"https:\/\/galerialamanai.com\/en\/wp-json\/wp\/v2\/comments?post=4339"}],"wp:featuredmedia":[{"embeddable":true,"href":"https:\/\/galerialamanai.com\/en\/wp-json\/wp\/v2\/media\/4338"}],"wp:attachment":[{"href":"https:\/\/galerialamanai.com\/en\/wp-json\/wp\/v2\/media?parent=4339"}],"wp:term":[{"taxonomy":"product_brand","embeddable":true,"href":"https:\/\/galerialamanai.com\/en\/wp-json\/wp\/v2\/product_brand?post=4339"},{"taxonomy":"product_cat","embeddable":true,"href":"https:\/\/galerialamanai.com\/en\/wp-json\/wp\/v2\/product_cat?post=4339"},{"taxonomy":"product_tag","embeddable":true,"href":"https:\/\/galerialamanai.com\/en\/wp-json\/wp\/v2\/product_tag?post=4339"}],"curies":[{"name":"wp","href":"https:\/\/api.w.org\/{rel}","templated":true}]}}