{"id":4283,"date":"2020-12-27T11:27:52","date_gmt":"2020-12-27T11:27:52","guid":{"rendered":"https:\/\/galerialamanai.com\/comprar-arte-mexico\/uncategorized\/buho-tecnica-mixta-hoja-de-cobre-y-aluminio-sobre-lienzo\/"},"modified":"2024-10-22T12:53:05","modified_gmt":"2024-10-22T10:53:05","slug":"buho-mixed-tecnique-on-canvas-copper-and-alluminum-with-gilding","status":"publish","type":"product","link":"https:\/\/galerialamanai.com\/en\/buy-art-mexico\/contemporary-art\/felipe-espinoza-en\/buho-mixed-tecnique-on-canvas-copper-and-alluminum-with-gilding\/","title":{"rendered":"B\u00faho"},"content":{"rendered":"<p><strong>Author: Felipe Espinoza.<\/strong><\/p>\n<p>Lottas, a.k.a. Felipe Espinosa, was born in Mexico City. He studied under many artists and printmakers in Mexico, including Agust\u00edn Gonz\u00e1lez, Alejandro Morf\u00edn and also master teachers like\u00a0 Luis Nishizawa, and Quint\u00edn Valdez at the Nishizawa Museum. He\u00a0 has participated in group exhibitions in Mexico, London and Chicago. Lottas has also had multiple solo exhibitions at the Cozumel Museum, Mexico, and Lisbon. He won multiple awards for his printmaking and participates on a regular basis in the Bastille Contemporary Art Fair in Paris, Lille and other Art Fairs in Germany.<\/p>\n<p>What\u00a0distinguishes\u00a0Felipe Espinoza\u00a0from\u00a0other\u00a0print\u00a0makers\u00a0is the\u00a0use of amate\u00a0paper\u00a0(sacred\u00a0paper,\u00a0hand\u00a0made\u00a0with\u00a0the fibres\u00a0from\u00a0the\u00a0tree with the same name), as\u00a0well\u00a0as\u00a0the\u00a0use of\u00a0gold,\u00a0silver and copper leaves\u00a0in\u00a0his\u00a0work. In\u00a0this\u00a0regard, he\u00a0earned\u00a0a diploma in\u00a0the\u00a0restoration\u00a0of art and\u00a0gold\u00a0leafing,\u00a0from\u00a0the Florence\u00a0School\u00a0\u201cOro e Colore\u201d in\u00a0Italy.<\/p>\n<p>Lottas is\u00a0mostly\u00a0known\u00a0as a\u00a0printmaker\u00a0and\u00a0works\u00a0in\u00a0the\u00a0techniques\u00a0of\u00a0linocut,\u00a0woodcut,\u00a0relief\u00a0printing, and dry\u00a0point. He\u00a0also\u00a0creates\u00a0paintings\u00a0in\u00a0acrylic,\u00a0oil,\u00a0and\u00a0encaustic\u00a0wax.<\/p>\n<p>Today\u00a0he\u00a0works\u00a0with\u00a0various\u00a0galleries\u00a0in\u00a0the Riviera Maya,\u00a0Berlin,\u00a0Lisbon, Marbella and\u00a0Prague. He\u00a0lives between\u00a0Mexico\u00a0and\u00a0Europe,\u00a0taking\u00a0inspiration\u00a0in\u00a0his Mexican\u00a0roots\u00a0and\u00a0his\u00a0travels.<\/p>\n","protected":false},"excerpt":{"rendered":"<p>Mixed tecnique on canvas copper and alluminum with gilding Sizes: 115x95cm \u00a0<\/p>\n","protected":false},"featured_media":4282,"comment_status":"open","ping_status":"closed","template":"","meta":{"_et_pb_use_builder":"","_et_pb_old_content":"","_et_gb_content_width":"","inline_featured_image":false},"product_brand":[],"product_cat":[46,124,137],"product_tag":[],"class_list":{"0":"post-4283","1":"product","2":"type-product","3":"status-publish","4":"has-post-thumbnail","6":"product_cat-contemporary-art","7":"product_cat-felipe-espinoza-en","8":"product_cat-sold-items","9":"product_shipping_class-free-shipping-espinoza","11":"first","12":"outofstock","13":"taxable","14":"shipping-taxable","15":"product-type-simple"},"yoast_head":"<!-- This site is optimized with the Yoast SEO plugin v25.9 - https:\/\/yoast.com\/wordpress\/plugins\/seo\/ -->\n<title>B\u00faho - Galer\u00eda Lamanai<\/title>\n<meta name=\"description\" content=\"Author: Felipe Espinoza.Lottas,\u00a0a.k.a. Felipe Espinosa,\u00a0was\u00a0born\u00a0in\u00a0MexicoCity. He\u00a0studied\u00a0under\u00a0many\u00a0artists\u00a0and\u00a0printmakers\u00a0in\u00a0Mexico,\u00a0including\u00a0Agust\u00edn Gonz\u00e1lez, Alejandro\u00a0Morf\u00edn\u00a0and\u00a0also master teachers like\u00a0 Luis\u00a0Nishizawa,\u00a0and Quint\u00edn Valdez at\u00a0the\u00a0Nishizawa\u00a0Museum.\u00a0He\u00a0 has\u00a0participated\u00a0in\u00a0group\u00a0exhibitions\u00a0in\u00a0Mexico, London and Chicago.\u00a0Lottas\u00a0has\u00a0also\u00a0had\u00a0multiple\u00a0solo\u00a0exhibitions\u00a0at\u00a0the\u00a0Cozumel\u00a0Museum,\u00a0Mexico,\u00a0and\u00a0Lisbon. He won\u00a0multiple awards\u00a0for\u00a0his\u00a0printmaking\u00a0and participates\u00a0on\u00a0a regular\u00a0basis\u00a0in\u00a0the\u00a0Bastille Contemporary\u00a0Art\u00a0Fair\u00a0in Paris, Lille\u00a0and\u00a0other\u00a0Art\u00a0Fairs\u00a0in\u00a0Germany.What\u00a0distinguishes\u00a0Felipe Espinoza\u00a0from\u00a0other\u00a0print\u00a0makers\u00a0is the\u00a0use of amate\u00a0paper\u00a0(sacred\u00a0paper,\u00a0hand\u00a0made\u00a0with\u00a0the fibres\u00a0from\u00a0the\u00a0tree with the same name), as\u00a0well\u00a0as\u00a0the\u00a0use of\u00a0gold,\u00a0silver and copper leaves\u00a0in\u00a0his\u00a0work. In\u00a0this\u00a0regard, he\u00a0earned\u00a0a diploma in\u00a0the\u00a0restoration\u00a0of art and\u00a0gold\u00a0leafing,\u00a0from\u00a0the Florence\u00a0School\u00a0\u201cOro e Colore\u201d in\u00a0Italy.Lottas is\u00a0mostly\u00a0known\u00a0as a\u00a0printmaker\u00a0and\u00a0works\u00a0in\u00a0the\u00a0techniques\u00a0of\u00a0linocut,\u00a0woodcut,\u00a0relief\u00a0printing, and dry\u00a0point. He\u00a0also\u00a0creates\u00a0paintings\u00a0in\u00a0acrylic,\u00a0oil,\u00a0and\u00a0encaustic\u00a0wax.Today\u00a0he\u00a0works\u00a0with\u00a0various\u00a0galleries\u00a0in\u00a0the Riviera Maya,\u00a0Berlin,\u00a0Lisbon, Marbella and\u00a0Prague. He\u00a0lives between\u00a0Mexico\u00a0and\u00a0Europe,\u00a0taking\u00a0inspiration\u00a0in\u00a0his Mexican\u00a0roots\u00a0and\u00a0his\u00a0travels.\" \/>\n<meta name=\"robots\" content=\"index, follow, max-snippet:-1, max-image-preview:large, max-video-preview:-1\" \/>\n<link rel=\"canonical\" href=\"https:\/\/galerialamanai.com\/en\/buy-art-mexico\/contemporary-art\/felipe-espinoza-en\/buho-mixed-tecnique-on-canvas-copper-and-alluminum-with-gilding\/\" \/>\n<meta property=\"og:locale\" content=\"en_US\" \/>\n<meta property=\"og:type\" content=\"article\" \/>\n<meta property=\"og:title\" content=\"B\u00faho - Galer\u00eda Lamanai\" \/>\n<meta property=\"og:description\" content=\"Author: Felipe Espinoza.Lottas,\u00a0a.k.a. Felipe Espinosa,\u00a0was\u00a0born\u00a0in\u00a0MexicoCity. He\u00a0studied\u00a0under\u00a0many\u00a0artists\u00a0and\u00a0printmakers\u00a0in\u00a0Mexico,\u00a0including\u00a0Agust\u00edn Gonz\u00e1lez, Alejandro\u00a0Morf\u00edn\u00a0and\u00a0also master teachers like\u00a0 Luis\u00a0Nishizawa,\u00a0and Quint\u00edn Valdez at\u00a0the\u00a0Nishizawa\u00a0Museum.\u00a0He\u00a0 has\u00a0participated\u00a0in\u00a0group\u00a0exhibitions\u00a0in\u00a0Mexico, London and Chicago.\u00a0Lottas\u00a0has\u00a0also\u00a0had\u00a0multiple\u00a0solo\u00a0exhibitions\u00a0at\u00a0the\u00a0Cozumel\u00a0Museum,\u00a0Mexico,\u00a0and\u00a0Lisbon. He won\u00a0multiple awards\u00a0for\u00a0his\u00a0printmaking\u00a0and participates\u00a0on\u00a0a regular\u00a0basis\u00a0in\u00a0the\u00a0Bastille Contemporary\u00a0Art\u00a0Fair\u00a0in Paris, Lille\u00a0and\u00a0other\u00a0Art\u00a0Fairs\u00a0in\u00a0Germany.What\u00a0distinguishes\u00a0Felipe Espinoza\u00a0from\u00a0other\u00a0print\u00a0makers\u00a0is the\u00a0use of amate\u00a0paper\u00a0(sacred\u00a0paper,\u00a0hand\u00a0made\u00a0with\u00a0the fibres\u00a0from\u00a0the\u00a0tree with the same name), as\u00a0well\u00a0as\u00a0the\u00a0use of\u00a0gold,\u00a0silver and copper leaves\u00a0in\u00a0his\u00a0work. In\u00a0this\u00a0regard, he\u00a0earned\u00a0a diploma in\u00a0the\u00a0restoration\u00a0of art and\u00a0gold\u00a0leafing,\u00a0from\u00a0the Florence\u00a0School\u00a0\u201cOro e Colore\u201d in\u00a0Italy.Lottas is\u00a0mostly\u00a0known\u00a0as a\u00a0printmaker\u00a0and\u00a0works\u00a0in\u00a0the\u00a0techniques\u00a0of\u00a0linocut,\u00a0woodcut,\u00a0relief\u00a0printing, and dry\u00a0point. He\u00a0also\u00a0creates\u00a0paintings\u00a0in\u00a0acrylic,\u00a0oil,\u00a0and\u00a0encaustic\u00a0wax.Today\u00a0he\u00a0works\u00a0with\u00a0various\u00a0galleries\u00a0in\u00a0the Riviera Maya,\u00a0Berlin,\u00a0Lisbon, Marbella and\u00a0Prague. He\u00a0lives between\u00a0Mexico\u00a0and\u00a0Europe,\u00a0taking\u00a0inspiration\u00a0in\u00a0his Mexican\u00a0roots\u00a0and\u00a0his\u00a0travels.\" \/>\n<meta property=\"og:url\" content=\"https:\/\/galerialamanai.com\/en\/buy-art-mexico\/contemporary-art\/felipe-espinoza-en\/buho-mixed-tecnique-on-canvas-copper-and-alluminum-with-gilding\/\" \/>\n<meta property=\"og:site_name\" content=\"Galer\u00eda Lamanai\" \/>\n<meta property=\"article:modified_time\" content=\"2024-10-22T10:53:05+00:00\" \/>\n<meta property=\"og:image\" content=\"https:\/\/galerialamanai.com\/wp-content\/uploads\/2020\/12\/Buho-2012.jpg\" \/>\n\t<meta property=\"og:image:width\" content=\"800\" \/>\n\t<meta property=\"og:image:height\" content=\"974\" \/>\n\t<meta property=\"og:image:type\" content=\"image\/jpeg\" \/>\n<meta name=\"twitter:card\" content=\"summary_large_image\" \/>\n<meta name=\"twitter:label1\" content=\"Est. reading time\" \/>\n\t<meta name=\"twitter:data1\" content=\"2 minutes\" \/>\n<script type=\"application\/ld+json\" class=\"yoast-schema-graph\">{\"@context\":\"https:\/\/schema.org\",\"@graph\":[{\"@type\":\"WebPage\",\"@id\":\"https:\/\/galerialamanai.com\/en\/buy-art-mexico\/contemporary-art\/felipe-espinoza-en\/buho-mixed-tecnique-on-canvas-copper-and-alluminum-with-gilding\/\",\"url\":\"https:\/\/galerialamanai.com\/en\/buy-art-mexico\/contemporary-art\/felipe-espinoza-en\/buho-mixed-tecnique-on-canvas-copper-and-alluminum-with-gilding\/\",\"name\":\"B\u00faho - Galer\u00eda Lamanai\",\"isPartOf\":{\"@id\":\"https:\/\/galerialamanai.com\/en\/#website\"},\"primaryImageOfPage\":{\"@id\":\"https:\/\/galerialamanai.com\/en\/buy-art-mexico\/contemporary-art\/felipe-espinoza-en\/buho-mixed-tecnique-on-canvas-copper-and-alluminum-with-gilding\/#primaryimage\"},\"image\":{\"@id\":\"https:\/\/galerialamanai.com\/en\/buy-art-mexico\/contemporary-art\/felipe-espinoza-en\/buho-mixed-tecnique-on-canvas-copper-and-alluminum-with-gilding\/#primaryimage\"},\"thumbnailUrl\":\"https:\/\/galerialamanai.com\/wp-content\/uploads\/2020\/12\/Buho-2012.jpg\",\"datePublished\":\"2020-12-27T11:27:52+00:00\",\"dateModified\":\"2024-10-22T10:53:05+00:00\",\"description\":\"Author: Felipe Espinoza.Lottas,\u00a0a.k.a. Felipe Espinosa,\u00a0was\u00a0born\u00a0in\u00a0MexicoCity. He\u00a0studied\u00a0under\u00a0many\u00a0artists\u00a0and\u00a0printmakers\u00a0in\u00a0Mexico,\u00a0including\u00a0Agust\u00edn Gonz\u00e1lez, Alejandro\u00a0Morf\u00edn\u00a0and\u00a0also master teachers like\u00a0 Luis\u00a0Nishizawa,\u00a0and Quint\u00edn Valdez at\u00a0the\u00a0Nishizawa\u00a0Museum.\u00a0He\u00a0 has\u00a0participated\u00a0in\u00a0group\u00a0exhibitions\u00a0in\u00a0Mexico, London and Chicago.\u00a0Lottas\u00a0has\u00a0also\u00a0had\u00a0multiple\u00a0solo\u00a0exhibitions\u00a0at\u00a0the\u00a0Cozumel\u00a0Museum,\u00a0Mexico,\u00a0and\u00a0Lisbon. He won\u00a0multiple awards\u00a0for\u00a0his\u00a0printmaking\u00a0and participates\u00a0on\u00a0a regular\u00a0basis\u00a0in\u00a0the\u00a0Bastille Contemporary\u00a0Art\u00a0Fair\u00a0in Paris, Lille\u00a0and\u00a0other\u00a0Art\u00a0Fairs\u00a0in\u00a0Germany.What\u00a0distinguishes\u00a0Felipe Espinoza\u00a0from\u00a0other\u00a0print\u00a0makers\u00a0is the\u00a0use of amate\u00a0paper\u00a0(sacred\u00a0paper,\u00a0hand\u00a0made\u00a0with\u00a0the fibres\u00a0from\u00a0the\u00a0tree with the same name), as\u00a0well\u00a0as\u00a0the\u00a0use of\u00a0gold,\u00a0silver and copper leaves\u00a0in\u00a0his\u00a0work. In\u00a0this\u00a0regard, he\u00a0earned\u00a0a diploma in\u00a0the\u00a0restoration\u00a0of art and\u00a0gold\u00a0leafing,\u00a0from\u00a0the Florence\u00a0School\u00a0\u201cOro e Colore\u201d in\u00a0Italy.Lottas is\u00a0mostly\u00a0known\u00a0as a\u00a0printmaker\u00a0and\u00a0works\u00a0in\u00a0the\u00a0techniques\u00a0of\u00a0linocut,\u00a0woodcut,\u00a0relief\u00a0printing, and dry\u00a0point. He\u00a0also\u00a0creates\u00a0paintings\u00a0in\u00a0acrylic,\u00a0oil,\u00a0and\u00a0encaustic\u00a0wax.Today\u00a0he\u00a0works\u00a0with\u00a0various\u00a0galleries\u00a0in\u00a0the Riviera Maya,\u00a0Berlin,\u00a0Lisbon, Marbella and\u00a0Prague. He\u00a0lives between\u00a0Mexico\u00a0and\u00a0Europe,\u00a0taking\u00a0inspiration\u00a0in\u00a0his Mexican\u00a0roots\u00a0and\u00a0his\u00a0travels.\",\"breadcrumb\":{\"@id\":\"https:\/\/galerialamanai.com\/en\/buy-art-mexico\/contemporary-art\/felipe-espinoza-en\/buho-mixed-tecnique-on-canvas-copper-and-alluminum-with-gilding\/#breadcrumb\"},\"inLanguage\":\"en-US\",\"potentialAction\":[{\"@type\":\"ReadAction\",\"target\":[\"https:\/\/galerialamanai.com\/en\/buy-art-mexico\/contemporary-art\/felipe-espinoza-en\/buho-mixed-tecnique-on-canvas-copper-and-alluminum-with-gilding\/\"]}]},{\"@type\":\"ImageObject\",\"inLanguage\":\"en-US\",\"@id\":\"https:\/\/galerialamanai.com\/en\/buy-art-mexico\/contemporary-art\/felipe-espinoza-en\/buho-mixed-tecnique-on-canvas-copper-and-alluminum-with-gilding\/#primaryimage\",\"url\":\"https:\/\/galerialamanai.com\/wp-content\/uploads\/2020\/12\/Buho-2012.jpg\",\"contentUrl\":\"https:\/\/galerialamanai.com\/wp-content\/uploads\/2020\/12\/Buho-2012.jpg\",\"width\":800,\"height\":974},{\"@type\":\"BreadcrumbList\",\"@id\":\"https:\/\/galerialamanai.com\/en\/buy-art-mexico\/contemporary-art\/felipe-espinoza-en\/buho-mixed-tecnique-on-canvas-copper-and-alluminum-with-gilding\/#breadcrumb\",\"itemListElement\":[{\"@type\":\"ListItem\",\"position\":1,\"name\":\"Portada\",\"item\":\"https:\/\/galerialamanai.com\/en\/\"},{\"@type\":\"ListItem\",\"position\":2,\"name\":\"Shop\",\"item\":\"https:\/\/galerialamanai.com\/en\/tienda\/\"},{\"@type\":\"ListItem\",\"position\":3,\"name\":\"B\u00faho\"}]},{\"@type\":\"WebSite\",\"@id\":\"https:\/\/galerialamanai.com\/en\/#website\",\"url\":\"https:\/\/galerialamanai.com\/en\/\",\"name\":\"Galer\u00eda Lamanai\",\"description\":\"A tribute to Mexican art, its great masters and creators\",\"publisher\":{\"@id\":\"https:\/\/galerialamanai.com\/en\/#organization\"},\"potentialAction\":[{\"@type\":\"SearchAction\",\"target\":{\"@type\":\"EntryPoint\",\"urlTemplate\":\"https:\/\/galerialamanai.com\/en\/?s={search_term_string}\"},\"query-input\":{\"@type\":\"PropertyValueSpecification\",\"valueRequired\":true,\"valueName\":\"search_term_string\"}}],\"inLanguage\":\"en-US\"},{\"@type\":\"Organization\",\"@id\":\"https:\/\/galerialamanai.com\/en\/#organization\",\"name\":\"Galer\u00eda Lamanai\",\"url\":\"https:\/\/galerialamanai.com\/en\/\",\"logo\":{\"@type\":\"ImageObject\",\"inLanguage\":\"en-US\",\"@id\":\"https:\/\/galerialamanai.com\/en\/#\/schema\/logo\/image\/\",\"url\":\"https:\/\/galerialamanai.com\/wp-content\/uploads\/2020\/09\/galeria_lamanai_logo.png\",\"contentUrl\":\"https:\/\/galerialamanai.com\/wp-content\/uploads\/2020\/09\/galeria_lamanai_logo.png\",\"width\":549,\"height\":185,\"caption\":\"Galer\u00eda Lamanai\"},\"image\":{\"@id\":\"https:\/\/galerialamanai.com\/en\/#\/schema\/logo\/image\/\"}}]}<\/script>\n<!-- \/ Yoast SEO plugin. -->","yoast_head_json":{"title":"B\u00faho - Galer\u00eda Lamanai","description":"Author: Felipe Espinoza.Lottas,\u00a0a.k.a. Felipe Espinosa,\u00a0was\u00a0born\u00a0in\u00a0MexicoCity. He\u00a0studied\u00a0under\u00a0many\u00a0artists\u00a0and\u00a0printmakers\u00a0in\u00a0Mexico,\u00a0including\u00a0Agust\u00edn Gonz\u00e1lez, Alejandro\u00a0Morf\u00edn\u00a0and\u00a0also master teachers like\u00a0 Luis\u00a0Nishizawa,\u00a0and Quint\u00edn Valdez at\u00a0the\u00a0Nishizawa\u00a0Museum.\u00a0He\u00a0 has\u00a0participated\u00a0in\u00a0group\u00a0exhibitions\u00a0in\u00a0Mexico, London and Chicago.\u00a0Lottas\u00a0has\u00a0also\u00a0had\u00a0multiple\u00a0solo\u00a0exhibitions\u00a0at\u00a0the\u00a0Cozumel\u00a0Museum,\u00a0Mexico,\u00a0and\u00a0Lisbon. He won\u00a0multiple awards\u00a0for\u00a0his\u00a0printmaking\u00a0and participates\u00a0on\u00a0a regular\u00a0basis\u00a0in\u00a0the\u00a0Bastille Contemporary\u00a0Art\u00a0Fair\u00a0in Paris, Lille\u00a0and\u00a0other\u00a0Art\u00a0Fairs\u00a0in\u00a0Germany.What\u00a0distinguishes\u00a0Felipe Espinoza\u00a0from\u00a0other\u00a0print\u00a0makers\u00a0is the\u00a0use of amate\u00a0paper\u00a0(sacred\u00a0paper,\u00a0hand\u00a0made\u00a0with\u00a0the fibres\u00a0from\u00a0the\u00a0tree with the same name), as\u00a0well\u00a0as\u00a0the\u00a0use of\u00a0gold,\u00a0silver and copper leaves\u00a0in\u00a0his\u00a0work. In\u00a0this\u00a0regard, he\u00a0earned\u00a0a diploma in\u00a0the\u00a0restoration\u00a0of art and\u00a0gold\u00a0leafing,\u00a0from\u00a0the Florence\u00a0School\u00a0\u201cOro e Colore\u201d in\u00a0Italy.Lottas is\u00a0mostly\u00a0known\u00a0as a\u00a0printmaker\u00a0and\u00a0works\u00a0in\u00a0the\u00a0techniques\u00a0of\u00a0linocut,\u00a0woodcut,\u00a0relief\u00a0printing, and dry\u00a0point. He\u00a0also\u00a0creates\u00a0paintings\u00a0in\u00a0acrylic,\u00a0oil,\u00a0and\u00a0encaustic\u00a0wax.Today\u00a0he\u00a0works\u00a0with\u00a0various\u00a0galleries\u00a0in\u00a0the Riviera Maya,\u00a0Berlin,\u00a0Lisbon, Marbella and\u00a0Prague. He\u00a0lives between\u00a0Mexico\u00a0and\u00a0Europe,\u00a0taking\u00a0inspiration\u00a0in\u00a0his Mexican\u00a0roots\u00a0and\u00a0his\u00a0travels.","robots":{"index":"index","follow":"follow","max-snippet":"max-snippet:-1","max-image-preview":"max-image-preview:large","max-video-preview":"max-video-preview:-1"},"canonical":"https:\/\/galerialamanai.com\/en\/buy-art-mexico\/contemporary-art\/felipe-espinoza-en\/buho-mixed-tecnique-on-canvas-copper-and-alluminum-with-gilding\/","og_locale":"en_US","og_type":"article","og_title":"B\u00faho - Galer\u00eda Lamanai","og_description":"Author: Felipe Espinoza.Lottas,\u00a0a.k.a. Felipe Espinosa,\u00a0was\u00a0born\u00a0in\u00a0MexicoCity. He\u00a0studied\u00a0under\u00a0many\u00a0artists\u00a0and\u00a0printmakers\u00a0in\u00a0Mexico,\u00a0including\u00a0Agust\u00edn Gonz\u00e1lez, Alejandro\u00a0Morf\u00edn\u00a0and\u00a0also master teachers like\u00a0 Luis\u00a0Nishizawa,\u00a0and Quint\u00edn Valdez at\u00a0the\u00a0Nishizawa\u00a0Museum.\u00a0He\u00a0 has\u00a0participated\u00a0in\u00a0group\u00a0exhibitions\u00a0in\u00a0Mexico, London and Chicago.\u00a0Lottas\u00a0has\u00a0also\u00a0had\u00a0multiple\u00a0solo\u00a0exhibitions\u00a0at\u00a0the\u00a0Cozumel\u00a0Museum,\u00a0Mexico,\u00a0and\u00a0Lisbon. He won\u00a0multiple awards\u00a0for\u00a0his\u00a0printmaking\u00a0and participates\u00a0on\u00a0a regular\u00a0basis\u00a0in\u00a0the\u00a0Bastille Contemporary\u00a0Art\u00a0Fair\u00a0in Paris, Lille\u00a0and\u00a0other\u00a0Art\u00a0Fairs\u00a0in\u00a0Germany.What\u00a0distinguishes\u00a0Felipe Espinoza\u00a0from\u00a0other\u00a0print\u00a0makers\u00a0is the\u00a0use of amate\u00a0paper\u00a0(sacred\u00a0paper,\u00a0hand\u00a0made\u00a0with\u00a0the fibres\u00a0from\u00a0the\u00a0tree with the same name), as\u00a0well\u00a0as\u00a0the\u00a0use of\u00a0gold,\u00a0silver and copper leaves\u00a0in\u00a0his\u00a0work. In\u00a0this\u00a0regard, he\u00a0earned\u00a0a diploma in\u00a0the\u00a0restoration\u00a0of art and\u00a0gold\u00a0leafing,\u00a0from\u00a0the Florence\u00a0School\u00a0\u201cOro e Colore\u201d in\u00a0Italy.Lottas is\u00a0mostly\u00a0known\u00a0as a\u00a0printmaker\u00a0and\u00a0works\u00a0in\u00a0the\u00a0techniques\u00a0of\u00a0linocut,\u00a0woodcut,\u00a0relief\u00a0printing, and dry\u00a0point. He\u00a0also\u00a0creates\u00a0paintings\u00a0in\u00a0acrylic,\u00a0oil,\u00a0and\u00a0encaustic\u00a0wax.Today\u00a0he\u00a0works\u00a0with\u00a0various\u00a0galleries\u00a0in\u00a0the Riviera Maya,\u00a0Berlin,\u00a0Lisbon, Marbella and\u00a0Prague. He\u00a0lives between\u00a0Mexico\u00a0and\u00a0Europe,\u00a0taking\u00a0inspiration\u00a0in\u00a0his Mexican\u00a0roots\u00a0and\u00a0his\u00a0travels.","og_url":"https:\/\/galerialamanai.com\/en\/buy-art-mexico\/contemporary-art\/felipe-espinoza-en\/buho-mixed-tecnique-on-canvas-copper-and-alluminum-with-gilding\/","og_site_name":"Galer\u00eda Lamanai","article_modified_time":"2024-10-22T10:53:05+00:00","og_image":[{"width":800,"height":974,"url":"https:\/\/galerialamanai.com\/wp-content\/uploads\/2020\/12\/Buho-2012.jpg","type":"image\/jpeg"}],"twitter_card":"summary_large_image","twitter_misc":{"Est. reading time":"2 minutes"},"schema":{"@context":"https:\/\/schema.org","@graph":[{"@type":"WebPage","@id":"https:\/\/galerialamanai.com\/en\/buy-art-mexico\/contemporary-art\/felipe-espinoza-en\/buho-mixed-tecnique-on-canvas-copper-and-alluminum-with-gilding\/","url":"https:\/\/galerialamanai.com\/en\/buy-art-mexico\/contemporary-art\/felipe-espinoza-en\/buho-mixed-tecnique-on-canvas-copper-and-alluminum-with-gilding\/","name":"B\u00faho - Galer\u00eda Lamanai","isPartOf":{"@id":"https:\/\/galerialamanai.com\/en\/#website"},"primaryImageOfPage":{"@id":"https:\/\/galerialamanai.com\/en\/buy-art-mexico\/contemporary-art\/felipe-espinoza-en\/buho-mixed-tecnique-on-canvas-copper-and-alluminum-with-gilding\/#primaryimage"},"image":{"@id":"https:\/\/galerialamanai.com\/en\/buy-art-mexico\/contemporary-art\/felipe-espinoza-en\/buho-mixed-tecnique-on-canvas-copper-and-alluminum-with-gilding\/#primaryimage"},"thumbnailUrl":"https:\/\/galerialamanai.com\/wp-content\/uploads\/2020\/12\/Buho-2012.jpg","datePublished":"2020-12-27T11:27:52+00:00","dateModified":"2024-10-22T10:53:05+00:00","description":"Author: Felipe Espinoza.Lottas,\u00a0a.k.a. Felipe Espinosa,\u00a0was\u00a0born\u00a0in\u00a0MexicoCity. He\u00a0studied\u00a0under\u00a0many\u00a0artists\u00a0and\u00a0printmakers\u00a0in\u00a0Mexico,\u00a0including\u00a0Agust\u00edn Gonz\u00e1lez, Alejandro\u00a0Morf\u00edn\u00a0and\u00a0also master teachers like\u00a0 Luis\u00a0Nishizawa,\u00a0and Quint\u00edn Valdez at\u00a0the\u00a0Nishizawa\u00a0Museum.\u00a0He\u00a0 has\u00a0participated\u00a0in\u00a0group\u00a0exhibitions\u00a0in\u00a0Mexico, London and Chicago.\u00a0Lottas\u00a0has\u00a0also\u00a0had\u00a0multiple\u00a0solo\u00a0exhibitions\u00a0at\u00a0the\u00a0Cozumel\u00a0Museum,\u00a0Mexico,\u00a0and\u00a0Lisbon. He won\u00a0multiple awards\u00a0for\u00a0his\u00a0printmaking\u00a0and participates\u00a0on\u00a0a regular\u00a0basis\u00a0in\u00a0the\u00a0Bastille Contemporary\u00a0Art\u00a0Fair\u00a0in Paris, Lille\u00a0and\u00a0other\u00a0Art\u00a0Fairs\u00a0in\u00a0Germany.What\u00a0distinguishes\u00a0Felipe Espinoza\u00a0from\u00a0other\u00a0print\u00a0makers\u00a0is the\u00a0use of amate\u00a0paper\u00a0(sacred\u00a0paper,\u00a0hand\u00a0made\u00a0with\u00a0the fibres\u00a0from\u00a0the\u00a0tree with the same name), as\u00a0well\u00a0as\u00a0the\u00a0use of\u00a0gold,\u00a0silver and copper leaves\u00a0in\u00a0his\u00a0work. In\u00a0this\u00a0regard, he\u00a0earned\u00a0a diploma in\u00a0the\u00a0restoration\u00a0of art and\u00a0gold\u00a0leafing,\u00a0from\u00a0the Florence\u00a0School\u00a0\u201cOro e Colore\u201d in\u00a0Italy.Lottas is\u00a0mostly\u00a0known\u00a0as a\u00a0printmaker\u00a0and\u00a0works\u00a0in\u00a0the\u00a0techniques\u00a0of\u00a0linocut,\u00a0woodcut,\u00a0relief\u00a0printing, and dry\u00a0point. He\u00a0also\u00a0creates\u00a0paintings\u00a0in\u00a0acrylic,\u00a0oil,\u00a0and\u00a0encaustic\u00a0wax.Today\u00a0he\u00a0works\u00a0with\u00a0various\u00a0galleries\u00a0in\u00a0the Riviera Maya,\u00a0Berlin,\u00a0Lisbon, Marbella and\u00a0Prague. He\u00a0lives between\u00a0Mexico\u00a0and\u00a0Europe,\u00a0taking\u00a0inspiration\u00a0in\u00a0his Mexican\u00a0roots\u00a0and\u00a0his\u00a0travels.","breadcrumb":{"@id":"https:\/\/galerialamanai.com\/en\/buy-art-mexico\/contemporary-art\/felipe-espinoza-en\/buho-mixed-tecnique-on-canvas-copper-and-alluminum-with-gilding\/#breadcrumb"},"inLanguage":"en-US","potentialAction":[{"@type":"ReadAction","target":["https:\/\/galerialamanai.com\/en\/buy-art-mexico\/contemporary-art\/felipe-espinoza-en\/buho-mixed-tecnique-on-canvas-copper-and-alluminum-with-gilding\/"]}]},{"@type":"ImageObject","inLanguage":"en-US","@id":"https:\/\/galerialamanai.com\/en\/buy-art-mexico\/contemporary-art\/felipe-espinoza-en\/buho-mixed-tecnique-on-canvas-copper-and-alluminum-with-gilding\/#primaryimage","url":"https:\/\/galerialamanai.com\/wp-content\/uploads\/2020\/12\/Buho-2012.jpg","contentUrl":"https:\/\/galerialamanai.com\/wp-content\/uploads\/2020\/12\/Buho-2012.jpg","width":800,"height":974},{"@type":"BreadcrumbList","@id":"https:\/\/galerialamanai.com\/en\/buy-art-mexico\/contemporary-art\/felipe-espinoza-en\/buho-mixed-tecnique-on-canvas-copper-and-alluminum-with-gilding\/#breadcrumb","itemListElement":[{"@type":"ListItem","position":1,"name":"Portada","item":"https:\/\/galerialamanai.com\/en\/"},{"@type":"ListItem","position":2,"name":"Shop","item":"https:\/\/galerialamanai.com\/en\/tienda\/"},{"@type":"ListItem","position":3,"name":"B\u00faho"}]},{"@type":"WebSite","@id":"https:\/\/galerialamanai.com\/en\/#website","url":"https:\/\/galerialamanai.com\/en\/","name":"Galer\u00eda Lamanai","description":"A tribute to Mexican art, its great masters and creators","publisher":{"@id":"https:\/\/galerialamanai.com\/en\/#organization"},"potentialAction":[{"@type":"SearchAction","target":{"@type":"EntryPoint","urlTemplate":"https:\/\/galerialamanai.com\/en\/?s={search_term_string}"},"query-input":{"@type":"PropertyValueSpecification","valueRequired":true,"valueName":"search_term_string"}}],"inLanguage":"en-US"},{"@type":"Organization","@id":"https:\/\/galerialamanai.com\/en\/#organization","name":"Galer\u00eda Lamanai","url":"https:\/\/galerialamanai.com\/en\/","logo":{"@type":"ImageObject","inLanguage":"en-US","@id":"https:\/\/galerialamanai.com\/en\/#\/schema\/logo\/image\/","url":"https:\/\/galerialamanai.com\/wp-content\/uploads\/2020\/09\/galeria_lamanai_logo.png","contentUrl":"https:\/\/galerialamanai.com\/wp-content\/uploads\/2020\/09\/galeria_lamanai_logo.png","width":549,"height":185,"caption":"Galer\u00eda Lamanai"},"image":{"@id":"https:\/\/galerialamanai.com\/en\/#\/schema\/logo\/image\/"}}]}},"_links":{"self":[{"href":"https:\/\/galerialamanai.com\/en\/wp-json\/wp\/v2\/product\/4283","targetHints":{"allow":["GET"]}}],"collection":[{"href":"https:\/\/galerialamanai.com\/en\/wp-json\/wp\/v2\/product"}],"about":[{"href":"https:\/\/galerialamanai.com\/en\/wp-json\/wp\/v2\/types\/product"}],"replies":[{"embeddable":true,"href":"https:\/\/galerialamanai.com\/en\/wp-json\/wp\/v2\/comments?post=4283"}],"wp:featuredmedia":[{"embeddable":true,"href":"https:\/\/galerialamanai.com\/en\/wp-json\/wp\/v2\/media\/4282"}],"wp:attachment":[{"href":"https:\/\/galerialamanai.com\/en\/wp-json\/wp\/v2\/media?parent=4283"}],"wp:term":[{"taxonomy":"product_brand","embeddable":true,"href":"https:\/\/galerialamanai.com\/en\/wp-json\/wp\/v2\/product_brand?post=4283"},{"taxonomy":"product_cat","embeddable":true,"href":"https:\/\/galerialamanai.com\/en\/wp-json\/wp\/v2\/product_cat?post=4283"},{"taxonomy":"product_tag","embeddable":true,"href":"https:\/\/galerialamanai.com\/en\/wp-json\/wp\/v2\/product_tag?post=4283"}],"curies":[{"name":"wp","href":"https:\/\/api.w.org\/{rel}","templated":true}]}}