{"id":42171,"date":"2022-01-15T10:23:18","date_gmt":"2022-01-15T10:23:18","guid":{"rendered":"https:\/\/galerialamanai.com\/comprar-arte-mexico\/uncategorized\/buho-2\/"},"modified":"2023-04-22T17:44:13","modified_gmt":"2023-04-22T17:44:13","slug":"buho-2","status":"publish","type":"product","link":"https:\/\/galerialamanai.com\/en\/buy-art-mexico\/sold-items\/buho-2\/","title":{"rendered":"Alebrije B\u00faho"},"content":{"rendered":"<p><strong>Workshop: Luis Sosa.<\/strong><br \/>\n<strong>Origin: Oaxaca, M\u00e9xico.<\/strong><\/p>\n<p><b>This figure was made entirely by hand. It\u2019s shape, design and decoration are unique and unrepeatable.<\/b><\/p>\n<p>The traditional Mexican copal tree is planted and harvested, so that expert carvers can complete shaping its pieces in the way which Nature intended for it. A wavy branch will become a stalking cat, another branch is a coyote howling at the moon. After the carving is completed, the wood has to rest and wait patiently for all moisture to come out of its interior, revealing the veins and cracks that need to be healed . The process can takes several months, according to the size of the piece, and only ends when it is completely smooth and ready for background coloring.<\/p>\n<p>It is later, during the decoration process, that patterns and colors of extraordinary beauty and meaning are developed, witnesses of the Legacy and the Wisdom of the ancient Zapotecs for the new generations.<\/p>\n","protected":false},"excerpt":{"rendered":"<p><strong>Size: 39 x 38 x 20 cm<\/strong><br \/>\n<b>Material: Copal Wood.<\/b><\/p>\n","protected":false},"featured_media":42150,"comment_status":"open","ping_status":"closed","template":"","meta":{"_et_pb_use_builder":"","_et_pb_old_content":"","_et_gb_content_width":"","inline_featured_image":false},"product_brand":[],"product_cat":[137],"product_tag":[],"class_list":{"0":"post-42171","1":"product","2":"type-product","3":"status-publish","4":"has-post-thumbnail","6":"product_cat-sold-items","8":"first","9":"outofstock","10":"taxable","11":"shipping-taxable","12":"product-type-simple"},"yoast_head":"<!-- This site is optimized with the Yoast SEO plugin v25.9 - https:\/\/yoast.com\/wordpress\/plugins\/seo\/ -->\n<title>Alebrije B\u00faho - Galer\u00eda Lamanai<\/title>\n<meta name=\"description\" content=\"Workshop: Luis Sosa. Origin: Oaxaca, M\u00e9xico.This figure was made entirely by hand. It\u2019s shape, design and decoration are unique and unrepeatable.The traditional Mexican copal tree is planted and harvested, so that expert carvers can complete shaping its pieces in the way which Nature intended for it. A wavy branch will become a stalking cat, another branch is a coyote howling at the moon. After the carving is completed, the wood has to rest and wait patiently for all moisture to come out of its interior, revealing the veins and cracks that need to be healed . The process can takes several months, according to the size of the piece, and only ends when it is completely smooth and ready for background coloring.It is later, during the decoration process, that patterns and colors of extraordinary beauty and meaning are developed, witnesses of the Legacy and the Wisdom of the ancient Zapotecs for the new generations.\" \/>\n<meta name=\"robots\" content=\"index, follow, max-snippet:-1, max-image-preview:large, max-video-preview:-1\" \/>\n<link rel=\"canonical\" href=\"https:\/\/galerialamanai.com\/en\/buy-art-mexico\/sold-items\/buho-2\/\" \/>\n<meta property=\"og:locale\" content=\"en_US\" \/>\n<meta property=\"og:type\" content=\"article\" \/>\n<meta property=\"og:title\" content=\"Alebrije B\u00faho - Galer\u00eda Lamanai\" \/>\n<meta property=\"og:description\" content=\"Workshop: Luis Sosa. Origin: Oaxaca, M\u00e9xico.This figure was made entirely by hand. It\u2019s shape, design and decoration are unique and unrepeatable.The traditional Mexican copal tree is planted and harvested, so that expert carvers can complete shaping its pieces in the way which Nature intended for it. A wavy branch will become a stalking cat, another branch is a coyote howling at the moon. After the carving is completed, the wood has to rest and wait patiently for all moisture to come out of its interior, revealing the veins and cracks that need to be healed . The process can takes several months, according to the size of the piece, and only ends when it is completely smooth and ready for background coloring.It is later, during the decoration process, that patterns and colors of extraordinary beauty and meaning are developed, witnesses of the Legacy and the Wisdom of the ancient Zapotecs for the new generations.\" \/>\n<meta property=\"og:url\" content=\"https:\/\/galerialamanai.com\/en\/buy-art-mexico\/sold-items\/buho-2\/\" \/>\n<meta property=\"og:site_name\" content=\"Galer\u00eda Lamanai\" \/>\n<meta property=\"article:modified_time\" content=\"2023-04-22T17:44:13+00:00\" \/>\n<meta property=\"og:image\" content=\"https:\/\/galerialamanai.com\/wp-content\/uploads\/2022\/01\/IMG_1304.jpg\" \/>\n\t<meta property=\"og:image:width\" content=\"800\" \/>\n\t<meta property=\"og:image:height\" content=\"800\" \/>\n\t<meta property=\"og:image:type\" content=\"image\/jpeg\" \/>\n<meta name=\"twitter:card\" content=\"summary_large_image\" \/>\n<meta name=\"twitter:label1\" content=\"Est. reading time\" \/>\n\t<meta name=\"twitter:data1\" content=\"1 minute\" \/>\n<script type=\"application\/ld+json\" class=\"yoast-schema-graph\">{\"@context\":\"https:\/\/schema.org\",\"@graph\":[{\"@type\":\"WebPage\",\"@id\":\"https:\/\/galerialamanai.com\/en\/buy-art-mexico\/sold-items\/buho-2\/\",\"url\":\"https:\/\/galerialamanai.com\/en\/buy-art-mexico\/sold-items\/buho-2\/\",\"name\":\"Alebrije B\u00faho - Galer\u00eda Lamanai\",\"isPartOf\":{\"@id\":\"https:\/\/galerialamanai.com\/en\/#website\"},\"primaryImageOfPage\":{\"@id\":\"https:\/\/galerialamanai.com\/en\/buy-art-mexico\/sold-items\/buho-2\/#primaryimage\"},\"image\":{\"@id\":\"https:\/\/galerialamanai.com\/en\/buy-art-mexico\/sold-items\/buho-2\/#primaryimage\"},\"thumbnailUrl\":\"https:\/\/galerialamanai.com\/wp-content\/uploads\/2022\/01\/IMG_1304.jpg\",\"datePublished\":\"2022-01-15T10:23:18+00:00\",\"dateModified\":\"2023-04-22T17:44:13+00:00\",\"description\":\"Workshop: Luis Sosa. Origin: Oaxaca, M\u00e9xico.This figure was made entirely by hand. It\u2019s shape, design and decoration are unique and unrepeatable.The traditional Mexican copal tree is planted and harvested, so that expert carvers can complete shaping its pieces in the way which Nature intended for it. A wavy branch will become a stalking cat, another branch is a coyote howling at the moon. After the carving is completed, the wood has to rest and wait patiently for all moisture to come out of its interior, revealing the veins and cracks that need to be healed . The process can takes several months, according to the size of the piece, and only ends when it is completely smooth and ready for background coloring.It is later, during the decoration process, that patterns and colors of extraordinary beauty and meaning are developed, witnesses of the Legacy and the Wisdom of the ancient Zapotecs for the new generations.\",\"breadcrumb\":{\"@id\":\"https:\/\/galerialamanai.com\/en\/buy-art-mexico\/sold-items\/buho-2\/#breadcrumb\"},\"inLanguage\":\"en-US\",\"potentialAction\":[{\"@type\":\"ReadAction\",\"target\":[\"https:\/\/galerialamanai.com\/en\/buy-art-mexico\/sold-items\/buho-2\/\"]}]},{\"@type\":\"ImageObject\",\"inLanguage\":\"en-US\",\"@id\":\"https:\/\/galerialamanai.com\/en\/buy-art-mexico\/sold-items\/buho-2\/#primaryimage\",\"url\":\"https:\/\/galerialamanai.com\/wp-content\/uploads\/2022\/01\/IMG_1304.jpg\",\"contentUrl\":\"https:\/\/galerialamanai.com\/wp-content\/uploads\/2022\/01\/IMG_1304.jpg\",\"width\":800,\"height\":800},{\"@type\":\"BreadcrumbList\",\"@id\":\"https:\/\/galerialamanai.com\/en\/buy-art-mexico\/sold-items\/buho-2\/#breadcrumb\",\"itemListElement\":[{\"@type\":\"ListItem\",\"position\":1,\"name\":\"Portada\",\"item\":\"https:\/\/galerialamanai.com\/en\/\"},{\"@type\":\"ListItem\",\"position\":2,\"name\":\"Shop\",\"item\":\"https:\/\/galerialamanai.com\/en\/tienda\/\"},{\"@type\":\"ListItem\",\"position\":3,\"name\":\"Alebrije B\u00faho\"}]},{\"@type\":\"WebSite\",\"@id\":\"https:\/\/galerialamanai.com\/en\/#website\",\"url\":\"https:\/\/galerialamanai.com\/en\/\",\"name\":\"Galer\u00eda Lamanai\",\"description\":\"A tribute to Mexican art, its great masters and creators\",\"publisher\":{\"@id\":\"https:\/\/galerialamanai.com\/en\/#organization\"},\"potentialAction\":[{\"@type\":\"SearchAction\",\"target\":{\"@type\":\"EntryPoint\",\"urlTemplate\":\"https:\/\/galerialamanai.com\/en\/?s={search_term_string}\"},\"query-input\":{\"@type\":\"PropertyValueSpecification\",\"valueRequired\":true,\"valueName\":\"search_term_string\"}}],\"inLanguage\":\"en-US\"},{\"@type\":\"Organization\",\"@id\":\"https:\/\/galerialamanai.com\/en\/#organization\",\"name\":\"Galer\u00eda Lamanai\",\"url\":\"https:\/\/galerialamanai.com\/en\/\",\"logo\":{\"@type\":\"ImageObject\",\"inLanguage\":\"en-US\",\"@id\":\"https:\/\/galerialamanai.com\/en\/#\/schema\/logo\/image\/\",\"url\":\"https:\/\/galerialamanai.com\/wp-content\/uploads\/2020\/09\/galeria_lamanai_logo.png\",\"contentUrl\":\"https:\/\/galerialamanai.com\/wp-content\/uploads\/2020\/09\/galeria_lamanai_logo.png\",\"width\":549,\"height\":185,\"caption\":\"Galer\u00eda Lamanai\"},\"image\":{\"@id\":\"https:\/\/galerialamanai.com\/en\/#\/schema\/logo\/image\/\"}}]}<\/script>\n<!-- \/ Yoast SEO plugin. -->","yoast_head_json":{"title":"Alebrije B\u00faho - Galer\u00eda Lamanai","description":"Workshop: Luis Sosa. Origin: Oaxaca, M\u00e9xico.This figure was made entirely by hand. It\u2019s shape, design and decoration are unique and unrepeatable.The traditional Mexican copal tree is planted and harvested, so that expert carvers can complete shaping its pieces in the way which Nature intended for it. A wavy branch will become a stalking cat, another branch is a coyote howling at the moon. After the carving is completed, the wood has to rest and wait patiently for all moisture to come out of its interior, revealing the veins and cracks that need to be healed . The process can takes several months, according to the size of the piece, and only ends when it is completely smooth and ready for background coloring.It is later, during the decoration process, that patterns and colors of extraordinary beauty and meaning are developed, witnesses of the Legacy and the Wisdom of the ancient Zapotecs for the new generations.","robots":{"index":"index","follow":"follow","max-snippet":"max-snippet:-1","max-image-preview":"max-image-preview:large","max-video-preview":"max-video-preview:-1"},"canonical":"https:\/\/galerialamanai.com\/en\/buy-art-mexico\/sold-items\/buho-2\/","og_locale":"en_US","og_type":"article","og_title":"Alebrije B\u00faho - Galer\u00eda Lamanai","og_description":"Workshop: Luis Sosa. Origin: Oaxaca, M\u00e9xico.This figure was made entirely by hand. It\u2019s shape, design and decoration are unique and unrepeatable.The traditional Mexican copal tree is planted and harvested, so that expert carvers can complete shaping its pieces in the way which Nature intended for it. A wavy branch will become a stalking cat, another branch is a coyote howling at the moon. After the carving is completed, the wood has to rest and wait patiently for all moisture to come out of its interior, revealing the veins and cracks that need to be healed . The process can takes several months, according to the size of the piece, and only ends when it is completely smooth and ready for background coloring.It is later, during the decoration process, that patterns and colors of extraordinary beauty and meaning are developed, witnesses of the Legacy and the Wisdom of the ancient Zapotecs for the new generations.","og_url":"https:\/\/galerialamanai.com\/en\/buy-art-mexico\/sold-items\/buho-2\/","og_site_name":"Galer\u00eda Lamanai","article_modified_time":"2023-04-22T17:44:13+00:00","og_image":[{"width":800,"height":800,"url":"https:\/\/galerialamanai.com\/wp-content\/uploads\/2022\/01\/IMG_1304.jpg","type":"image\/jpeg"}],"twitter_card":"summary_large_image","twitter_misc":{"Est. reading time":"1 minute"},"schema":{"@context":"https:\/\/schema.org","@graph":[{"@type":"WebPage","@id":"https:\/\/galerialamanai.com\/en\/buy-art-mexico\/sold-items\/buho-2\/","url":"https:\/\/galerialamanai.com\/en\/buy-art-mexico\/sold-items\/buho-2\/","name":"Alebrije B\u00faho - Galer\u00eda Lamanai","isPartOf":{"@id":"https:\/\/galerialamanai.com\/en\/#website"},"primaryImageOfPage":{"@id":"https:\/\/galerialamanai.com\/en\/buy-art-mexico\/sold-items\/buho-2\/#primaryimage"},"image":{"@id":"https:\/\/galerialamanai.com\/en\/buy-art-mexico\/sold-items\/buho-2\/#primaryimage"},"thumbnailUrl":"https:\/\/galerialamanai.com\/wp-content\/uploads\/2022\/01\/IMG_1304.jpg","datePublished":"2022-01-15T10:23:18+00:00","dateModified":"2023-04-22T17:44:13+00:00","description":"Workshop: Luis Sosa. Origin: Oaxaca, M\u00e9xico.This figure was made entirely by hand. It\u2019s shape, design and decoration are unique and unrepeatable.The traditional Mexican copal tree is planted and harvested, so that expert carvers can complete shaping its pieces in the way which Nature intended for it. A wavy branch will become a stalking cat, another branch is a coyote howling at the moon. After the carving is completed, the wood has to rest and wait patiently for all moisture to come out of its interior, revealing the veins and cracks that need to be healed . The process can takes several months, according to the size of the piece, and only ends when it is completely smooth and ready for background coloring.It is later, during the decoration process, that patterns and colors of extraordinary beauty and meaning are developed, witnesses of the Legacy and the Wisdom of the ancient Zapotecs for the new generations.","breadcrumb":{"@id":"https:\/\/galerialamanai.com\/en\/buy-art-mexico\/sold-items\/buho-2\/#breadcrumb"},"inLanguage":"en-US","potentialAction":[{"@type":"ReadAction","target":["https:\/\/galerialamanai.com\/en\/buy-art-mexico\/sold-items\/buho-2\/"]}]},{"@type":"ImageObject","inLanguage":"en-US","@id":"https:\/\/galerialamanai.com\/en\/buy-art-mexico\/sold-items\/buho-2\/#primaryimage","url":"https:\/\/galerialamanai.com\/wp-content\/uploads\/2022\/01\/IMG_1304.jpg","contentUrl":"https:\/\/galerialamanai.com\/wp-content\/uploads\/2022\/01\/IMG_1304.jpg","width":800,"height":800},{"@type":"BreadcrumbList","@id":"https:\/\/galerialamanai.com\/en\/buy-art-mexico\/sold-items\/buho-2\/#breadcrumb","itemListElement":[{"@type":"ListItem","position":1,"name":"Portada","item":"https:\/\/galerialamanai.com\/en\/"},{"@type":"ListItem","position":2,"name":"Shop","item":"https:\/\/galerialamanai.com\/en\/tienda\/"},{"@type":"ListItem","position":3,"name":"Alebrije B\u00faho"}]},{"@type":"WebSite","@id":"https:\/\/galerialamanai.com\/en\/#website","url":"https:\/\/galerialamanai.com\/en\/","name":"Galer\u00eda Lamanai","description":"A tribute to Mexican art, its great masters and creators","publisher":{"@id":"https:\/\/galerialamanai.com\/en\/#organization"},"potentialAction":[{"@type":"SearchAction","target":{"@type":"EntryPoint","urlTemplate":"https:\/\/galerialamanai.com\/en\/?s={search_term_string}"},"query-input":{"@type":"PropertyValueSpecification","valueRequired":true,"valueName":"search_term_string"}}],"inLanguage":"en-US"},{"@type":"Organization","@id":"https:\/\/galerialamanai.com\/en\/#organization","name":"Galer\u00eda Lamanai","url":"https:\/\/galerialamanai.com\/en\/","logo":{"@type":"ImageObject","inLanguage":"en-US","@id":"https:\/\/galerialamanai.com\/en\/#\/schema\/logo\/image\/","url":"https:\/\/galerialamanai.com\/wp-content\/uploads\/2020\/09\/galeria_lamanai_logo.png","contentUrl":"https:\/\/galerialamanai.com\/wp-content\/uploads\/2020\/09\/galeria_lamanai_logo.png","width":549,"height":185,"caption":"Galer\u00eda Lamanai"},"image":{"@id":"https:\/\/galerialamanai.com\/en\/#\/schema\/logo\/image\/"}}]}},"_links":{"self":[{"href":"https:\/\/galerialamanai.com\/en\/wp-json\/wp\/v2\/product\/42171","targetHints":{"allow":["GET"]}}],"collection":[{"href":"https:\/\/galerialamanai.com\/en\/wp-json\/wp\/v2\/product"}],"about":[{"href":"https:\/\/galerialamanai.com\/en\/wp-json\/wp\/v2\/types\/product"}],"replies":[{"embeddable":true,"href":"https:\/\/galerialamanai.com\/en\/wp-json\/wp\/v2\/comments?post=42171"}],"wp:featuredmedia":[{"embeddable":true,"href":"https:\/\/galerialamanai.com\/en\/wp-json\/wp\/v2\/media\/42150"}],"wp:attachment":[{"href":"https:\/\/galerialamanai.com\/en\/wp-json\/wp\/v2\/media?parent=42171"}],"wp:term":[{"taxonomy":"product_brand","embeddable":true,"href":"https:\/\/galerialamanai.com\/en\/wp-json\/wp\/v2\/product_brand?post=42171"},{"taxonomy":"product_cat","embeddable":true,"href":"https:\/\/galerialamanai.com\/en\/wp-json\/wp\/v2\/product_cat?post=42171"},{"taxonomy":"product_tag","embeddable":true,"href":"https:\/\/galerialamanai.com\/en\/wp-json\/wp\/v2\/product_tag?post=42171"}],"curies":[{"name":"wp","href":"https:\/\/api.w.org\/{rel}","templated":true}]}}