{"id":2868,"date":"2020-09-30T07:42:41","date_gmt":"2020-09-30T07:42:41","guid":{"rendered":"http:\/\/galerialamanai.com\/comprar-arte-mexico\/uncategorized\/coyote-54\/"},"modified":"2023-10-01T14:52:44","modified_gmt":"2023-10-01T12:52:44","slug":"alebrije-coyote-54","status":"publish","type":"product","link":"https:\/\/galerialamanai.com\/en\/buy-art-mexico\/alebrijes-tonas-and-nahuales\/workshop-jacobo-and-maria-angeles\/alebrije-coyote-54\/","title":{"rendered":"Alebrije Coyote 54"},"content":{"rendered":"<p><strong>Workshop: Jacobo y Mar\u00eda \u00c1ngeles.<\/strong><br \/>\n<strong>Origin: Oaxaca, M\u00e9xico.<\/strong><\/p>\n<p><b>This figure was made entirely by hand. It&#8217;s shape, design and decoration are unique and unrepeatable.<\/b><\/p>\n<p>The traditional Mexican copal tree is planted and harvested, so that expert carvers can complete shaping its pieces in the way which Nature intended for it. A wavy branch will become a stalking cat, another branch is a coyote howling at the moon. After the carving is completed, the wood has to rest and wait patiently for all moisture to come out of its interior, revealing the veins and cracks that need to be healed . The process can takes several months, according to the size of the piece, and only ends when it is completely smooth and ready for background coloring.<\/p>\n<p>It is later, during the decoration process, that patterns and colors of extraordinary beauty and meaning are developed, witnesses of the Legacy and the Wisdom of the ancient Zapotecs for the new generations.<\/p>\n<p><em><strong>\u201cIn the past, all babies who was born in our village received their father blessing in form of a specific animal, assigned to them. They will wear those small carved animals around their neck during their whole life\u201d.<\/strong><\/em><\/p>\n<p><span style=\"font-weight: 400;\"><em><strong>(Jacobo Angeles)<\/strong><\/em>\u00a0<\/span><\/p>\n","protected":false},"excerpt":{"rendered":"<p>Size: 10 x 23 x 5 cm<br \/>\nMaterial: Copal Wood<\/p>\n","protected":false},"featured_media":1175,"comment_status":"open","ping_status":"closed","template":"","meta":{"_et_pb_use_builder":"","_et_pb_old_content":"","_et_gb_content_width":"","inline_featured_image":false},"product_brand":[],"product_cat":[42,44],"product_tag":[],"class_list":{"0":"post-2868","1":"product","2":"type-product","3":"status-publish","4":"has-post-thumbnail","6":"product_cat-alebrijes-tonas-and-nahuales","7":"product_cat-workshop-jacobo-and-maria-angeles","9":"first","10":"instock","11":"featured","12":"taxable","13":"shipping-taxable","14":"purchasable","15":"product-type-simple"},"yoast_head":"<!-- This site is optimized with the Yoast SEO plugin v25.9 - https:\/\/yoast.com\/wordpress\/plugins\/seo\/ -->\n<title>Alebrije Coyote 54 - Galer\u00eda Lamanai<\/title>\n<meta name=\"description\" content=\"Workshop: Jacobo y Mar\u00eda \u00c1ngeles.Origin: Oaxaca, M\u00e9xico.This figure was made entirely by hand. It&#039;s shape, design and decoration are unique and unrepeatable.The traditional Mexican copal tree is planted and harvested, so that expert carvers can complete shaping its pieces in the way which Nature intended for it. A wavy branch will become a stalking cat, another branch is a coyote howling at the moon. After the carving is completed, the wood has to rest and wait patiently for all moisture to come out of its interior, revealing the veins and cracks that need to be healed . The process can takes several months, according to the size of the piece, and only ends when it is completely smooth and ready for background coloring.It is later, during the decoration process, that patterns and colors of extraordinary beauty and meaning are developed, witnesses of the Legacy and the Wisdom of the ancient Zapotecs for the new generations.\u201cIn the past, all babies who was born in our village received their father blessing in form of a specific animal, assigned to them. They will wear those small carved animals around their neck during their whole life\u201d.(Jacobo Angeles)\" \/>\n<meta name=\"robots\" content=\"index, follow, max-snippet:-1, max-image-preview:large, max-video-preview:-1\" \/>\n<link rel=\"canonical\" href=\"https:\/\/galerialamanai.com\/en\/buy-art-mexico\/alebrijes-tonas-and-nahuales\/workshop-jacobo-and-maria-angeles\/alebrije-coyote-54\/\" \/>\n<meta property=\"og:locale\" content=\"en_US\" \/>\n<meta property=\"og:type\" content=\"article\" \/>\n<meta property=\"og:title\" content=\"Alebrije Coyote 54 - Galer\u00eda Lamanai\" \/>\n<meta property=\"og:description\" content=\"Workshop: Jacobo y Mar\u00eda \u00c1ngeles.Origin: Oaxaca, M\u00e9xico.This figure was made entirely by hand. It&#039;s shape, design and decoration are unique and unrepeatable.The traditional Mexican copal tree is planted and harvested, so that expert carvers can complete shaping its pieces in the way which Nature intended for it. A wavy branch will become a stalking cat, another branch is a coyote howling at the moon. After the carving is completed, the wood has to rest and wait patiently for all moisture to come out of its interior, revealing the veins and cracks that need to be healed . The process can takes several months, according to the size of the piece, and only ends when it is completely smooth and ready for background coloring.It is later, during the decoration process, that patterns and colors of extraordinary beauty and meaning are developed, witnesses of the Legacy and the Wisdom of the ancient Zapotecs for the new generations.\u201cIn the past, all babies who was born in our village received their father blessing in form of a specific animal, assigned to them. They will wear those small carved animals around their neck during their whole life\u201d.(Jacobo Angeles)\" \/>\n<meta property=\"og:url\" content=\"https:\/\/galerialamanai.com\/en\/buy-art-mexico\/alebrijes-tonas-and-nahuales\/workshop-jacobo-and-maria-angeles\/alebrije-coyote-54\/\" \/>\n<meta property=\"og:site_name\" content=\"Galer\u00eda Lamanai\" \/>\n<meta property=\"article:modified_time\" content=\"2023-10-01T12:52:44+00:00\" \/>\n<meta property=\"og:image\" content=\"https:\/\/galerialamanai.com\/wp-content\/uploads\/2020\/09\/alebrije_coyote_54_6.jpg\" \/>\n\t<meta property=\"og:image:width\" content=\"800\" \/>\n\t<meta property=\"og:image:height\" content=\"740\" \/>\n\t<meta property=\"og:image:type\" content=\"image\/jpeg\" \/>\n<meta name=\"twitter:card\" content=\"summary_large_image\" \/>\n<meta name=\"twitter:label1\" content=\"Est. reading time\" \/>\n\t<meta name=\"twitter:data1\" content=\"1 minute\" \/>\n<script type=\"application\/ld+json\" class=\"yoast-schema-graph\">{\"@context\":\"https:\/\/schema.org\",\"@graph\":[{\"@type\":\"WebPage\",\"@id\":\"https:\/\/galerialamanai.com\/en\/buy-art-mexico\/alebrijes-tonas-and-nahuales\/workshop-jacobo-and-maria-angeles\/alebrije-coyote-54\/\",\"url\":\"https:\/\/galerialamanai.com\/en\/buy-art-mexico\/alebrijes-tonas-and-nahuales\/workshop-jacobo-and-maria-angeles\/alebrije-coyote-54\/\",\"name\":\"Alebrije Coyote 54 - Galer\u00eda Lamanai\",\"isPartOf\":{\"@id\":\"https:\/\/galerialamanai.com\/en\/#website\"},\"primaryImageOfPage\":{\"@id\":\"https:\/\/galerialamanai.com\/en\/buy-art-mexico\/alebrijes-tonas-and-nahuales\/workshop-jacobo-and-maria-angeles\/alebrije-coyote-54\/#primaryimage\"},\"image\":{\"@id\":\"https:\/\/galerialamanai.com\/en\/buy-art-mexico\/alebrijes-tonas-and-nahuales\/workshop-jacobo-and-maria-angeles\/alebrije-coyote-54\/#primaryimage\"},\"thumbnailUrl\":\"https:\/\/galerialamanai.com\/wp-content\/uploads\/2020\/09\/alebrije_coyote_54_6.jpg\",\"datePublished\":\"2020-09-30T07:42:41+00:00\",\"dateModified\":\"2023-10-01T12:52:44+00:00\",\"description\":\"Workshop: Jacobo y Mar\u00eda \u00c1ngeles.Origin: Oaxaca, M\u00e9xico.This figure was made entirely by hand. It's shape, design and decoration are unique and unrepeatable.The traditional Mexican copal tree is planted and harvested, so that expert carvers can complete shaping its pieces in the way which Nature intended for it. A wavy branch will become a stalking cat, another branch is a coyote howling at the moon. After the carving is completed, the wood has to rest and wait patiently for all moisture to come out of its interior, revealing the veins and cracks that need to be healed . The process can takes several months, according to the size of the piece, and only ends when it is completely smooth and ready for background coloring.It is later, during the decoration process, that patterns and colors of extraordinary beauty and meaning are developed, witnesses of the Legacy and the Wisdom of the ancient Zapotecs for the new generations.\u201cIn the past, all babies who was born in our village received their father blessing in form of a specific animal, assigned to them. They will wear those small carved animals around their neck during their whole life\u201d.(Jacobo Angeles)\",\"breadcrumb\":{\"@id\":\"https:\/\/galerialamanai.com\/en\/buy-art-mexico\/alebrijes-tonas-and-nahuales\/workshop-jacobo-and-maria-angeles\/alebrije-coyote-54\/#breadcrumb\"},\"inLanguage\":\"en-US\",\"potentialAction\":[{\"@type\":\"ReadAction\",\"target\":[\"https:\/\/galerialamanai.com\/en\/buy-art-mexico\/alebrijes-tonas-and-nahuales\/workshop-jacobo-and-maria-angeles\/alebrije-coyote-54\/\"]}]},{\"@type\":\"ImageObject\",\"inLanguage\":\"en-US\",\"@id\":\"https:\/\/galerialamanai.com\/en\/buy-art-mexico\/alebrijes-tonas-and-nahuales\/workshop-jacobo-and-maria-angeles\/alebrije-coyote-54\/#primaryimage\",\"url\":\"https:\/\/galerialamanai.com\/wp-content\/uploads\/2020\/09\/alebrije_coyote_54_6.jpg\",\"contentUrl\":\"https:\/\/galerialamanai.com\/wp-content\/uploads\/2020\/09\/alebrije_coyote_54_6.jpg\",\"width\":800,\"height\":740},{\"@type\":\"BreadcrumbList\",\"@id\":\"https:\/\/galerialamanai.com\/en\/buy-art-mexico\/alebrijes-tonas-and-nahuales\/workshop-jacobo-and-maria-angeles\/alebrije-coyote-54\/#breadcrumb\",\"itemListElement\":[{\"@type\":\"ListItem\",\"position\":1,\"name\":\"Portada\",\"item\":\"https:\/\/galerialamanai.com\/en\/\"},{\"@type\":\"ListItem\",\"position\":2,\"name\":\"Shop\",\"item\":\"https:\/\/galerialamanai.com\/en\/tienda\/\"},{\"@type\":\"ListItem\",\"position\":3,\"name\":\"Alebrije Coyote 54\"}]},{\"@type\":\"WebSite\",\"@id\":\"https:\/\/galerialamanai.com\/en\/#website\",\"url\":\"https:\/\/galerialamanai.com\/en\/\",\"name\":\"Galer\u00eda Lamanai\",\"description\":\"A tribute to Mexican art, its great masters and creators\",\"publisher\":{\"@id\":\"https:\/\/galerialamanai.com\/en\/#organization\"},\"potentialAction\":[{\"@type\":\"SearchAction\",\"target\":{\"@type\":\"EntryPoint\",\"urlTemplate\":\"https:\/\/galerialamanai.com\/en\/?s={search_term_string}\"},\"query-input\":{\"@type\":\"PropertyValueSpecification\",\"valueRequired\":true,\"valueName\":\"search_term_string\"}}],\"inLanguage\":\"en-US\"},{\"@type\":\"Organization\",\"@id\":\"https:\/\/galerialamanai.com\/en\/#organization\",\"name\":\"Galer\u00eda Lamanai\",\"url\":\"https:\/\/galerialamanai.com\/en\/\",\"logo\":{\"@type\":\"ImageObject\",\"inLanguage\":\"en-US\",\"@id\":\"https:\/\/galerialamanai.com\/en\/#\/schema\/logo\/image\/\",\"url\":\"https:\/\/galerialamanai.com\/wp-content\/uploads\/2020\/09\/galeria_lamanai_logo.png\",\"contentUrl\":\"https:\/\/galerialamanai.com\/wp-content\/uploads\/2020\/09\/galeria_lamanai_logo.png\",\"width\":549,\"height\":185,\"caption\":\"Galer\u00eda Lamanai\"},\"image\":{\"@id\":\"https:\/\/galerialamanai.com\/en\/#\/schema\/logo\/image\/\"}}]}<\/script>\n<!-- \/ Yoast SEO plugin. -->","yoast_head_json":{"title":"Alebrije Coyote 54 - Galer\u00eda Lamanai","description":"Workshop: Jacobo y Mar\u00eda \u00c1ngeles.Origin: Oaxaca, M\u00e9xico.This figure was made entirely by hand. It's shape, design and decoration are unique and unrepeatable.The traditional Mexican copal tree is planted and harvested, so that expert carvers can complete shaping its pieces in the way which Nature intended for it. A wavy branch will become a stalking cat, another branch is a coyote howling at the moon. After the carving is completed, the wood has to rest and wait patiently for all moisture to come out of its interior, revealing the veins and cracks that need to be healed . The process can takes several months, according to the size of the piece, and only ends when it is completely smooth and ready for background coloring.It is later, during the decoration process, that patterns and colors of extraordinary beauty and meaning are developed, witnesses of the Legacy and the Wisdom of the ancient Zapotecs for the new generations.\u201cIn the past, all babies who was born in our village received their father blessing in form of a specific animal, assigned to them. They will wear those small carved animals around their neck during their whole life\u201d.(Jacobo Angeles)","robots":{"index":"index","follow":"follow","max-snippet":"max-snippet:-1","max-image-preview":"max-image-preview:large","max-video-preview":"max-video-preview:-1"},"canonical":"https:\/\/galerialamanai.com\/en\/buy-art-mexico\/alebrijes-tonas-and-nahuales\/workshop-jacobo-and-maria-angeles\/alebrije-coyote-54\/","og_locale":"en_US","og_type":"article","og_title":"Alebrije Coyote 54 - Galer\u00eda Lamanai","og_description":"Workshop: Jacobo y Mar\u00eda \u00c1ngeles.Origin: Oaxaca, M\u00e9xico.This figure was made entirely by hand. It's shape, design and decoration are unique and unrepeatable.The traditional Mexican copal tree is planted and harvested, so that expert carvers can complete shaping its pieces in the way which Nature intended for it. A wavy branch will become a stalking cat, another branch is a coyote howling at the moon. After the carving is completed, the wood has to rest and wait patiently for all moisture to come out of its interior, revealing the veins and cracks that need to be healed . The process can takes several months, according to the size of the piece, and only ends when it is completely smooth and ready for background coloring.It is later, during the decoration process, that patterns and colors of extraordinary beauty and meaning are developed, witnesses of the Legacy and the Wisdom of the ancient Zapotecs for the new generations.\u201cIn the past, all babies who was born in our village received their father blessing in form of a specific animal, assigned to them. They will wear those small carved animals around their neck during their whole life\u201d.(Jacobo Angeles)","og_url":"https:\/\/galerialamanai.com\/en\/buy-art-mexico\/alebrijes-tonas-and-nahuales\/workshop-jacobo-and-maria-angeles\/alebrije-coyote-54\/","og_site_name":"Galer\u00eda Lamanai","article_modified_time":"2023-10-01T12:52:44+00:00","og_image":[{"width":800,"height":740,"url":"https:\/\/galerialamanai.com\/wp-content\/uploads\/2020\/09\/alebrije_coyote_54_6.jpg","type":"image\/jpeg"}],"twitter_card":"summary_large_image","twitter_misc":{"Est. reading time":"1 minute"},"schema":{"@context":"https:\/\/schema.org","@graph":[{"@type":"WebPage","@id":"https:\/\/galerialamanai.com\/en\/buy-art-mexico\/alebrijes-tonas-and-nahuales\/workshop-jacobo-and-maria-angeles\/alebrije-coyote-54\/","url":"https:\/\/galerialamanai.com\/en\/buy-art-mexico\/alebrijes-tonas-and-nahuales\/workshop-jacobo-and-maria-angeles\/alebrije-coyote-54\/","name":"Alebrije Coyote 54 - Galer\u00eda Lamanai","isPartOf":{"@id":"https:\/\/galerialamanai.com\/en\/#website"},"primaryImageOfPage":{"@id":"https:\/\/galerialamanai.com\/en\/buy-art-mexico\/alebrijes-tonas-and-nahuales\/workshop-jacobo-and-maria-angeles\/alebrije-coyote-54\/#primaryimage"},"image":{"@id":"https:\/\/galerialamanai.com\/en\/buy-art-mexico\/alebrijes-tonas-and-nahuales\/workshop-jacobo-and-maria-angeles\/alebrije-coyote-54\/#primaryimage"},"thumbnailUrl":"https:\/\/galerialamanai.com\/wp-content\/uploads\/2020\/09\/alebrije_coyote_54_6.jpg","datePublished":"2020-09-30T07:42:41+00:00","dateModified":"2023-10-01T12:52:44+00:00","description":"Workshop: Jacobo y Mar\u00eda \u00c1ngeles.Origin: Oaxaca, M\u00e9xico.This figure was made entirely by hand. It's shape, design and decoration are unique and unrepeatable.The traditional Mexican copal tree is planted and harvested, so that expert carvers can complete shaping its pieces in the way which Nature intended for it. A wavy branch will become a stalking cat, another branch is a coyote howling at the moon. After the carving is completed, the wood has to rest and wait patiently for all moisture to come out of its interior, revealing the veins and cracks that need to be healed . The process can takes several months, according to the size of the piece, and only ends when it is completely smooth and ready for background coloring.It is later, during the decoration process, that patterns and colors of extraordinary beauty and meaning are developed, witnesses of the Legacy and the Wisdom of the ancient Zapotecs for the new generations.\u201cIn the past, all babies who was born in our village received their father blessing in form of a specific animal, assigned to them. They will wear those small carved animals around their neck during their whole life\u201d.(Jacobo Angeles)","breadcrumb":{"@id":"https:\/\/galerialamanai.com\/en\/buy-art-mexico\/alebrijes-tonas-and-nahuales\/workshop-jacobo-and-maria-angeles\/alebrije-coyote-54\/#breadcrumb"},"inLanguage":"en-US","potentialAction":[{"@type":"ReadAction","target":["https:\/\/galerialamanai.com\/en\/buy-art-mexico\/alebrijes-tonas-and-nahuales\/workshop-jacobo-and-maria-angeles\/alebrije-coyote-54\/"]}]},{"@type":"ImageObject","inLanguage":"en-US","@id":"https:\/\/galerialamanai.com\/en\/buy-art-mexico\/alebrijes-tonas-and-nahuales\/workshop-jacobo-and-maria-angeles\/alebrije-coyote-54\/#primaryimage","url":"https:\/\/galerialamanai.com\/wp-content\/uploads\/2020\/09\/alebrije_coyote_54_6.jpg","contentUrl":"https:\/\/galerialamanai.com\/wp-content\/uploads\/2020\/09\/alebrije_coyote_54_6.jpg","width":800,"height":740},{"@type":"BreadcrumbList","@id":"https:\/\/galerialamanai.com\/en\/buy-art-mexico\/alebrijes-tonas-and-nahuales\/workshop-jacobo-and-maria-angeles\/alebrije-coyote-54\/#breadcrumb","itemListElement":[{"@type":"ListItem","position":1,"name":"Portada","item":"https:\/\/galerialamanai.com\/en\/"},{"@type":"ListItem","position":2,"name":"Shop","item":"https:\/\/galerialamanai.com\/en\/tienda\/"},{"@type":"ListItem","position":3,"name":"Alebrije Coyote 54"}]},{"@type":"WebSite","@id":"https:\/\/galerialamanai.com\/en\/#website","url":"https:\/\/galerialamanai.com\/en\/","name":"Galer\u00eda Lamanai","description":"A tribute to Mexican art, its great masters and creators","publisher":{"@id":"https:\/\/galerialamanai.com\/en\/#organization"},"potentialAction":[{"@type":"SearchAction","target":{"@type":"EntryPoint","urlTemplate":"https:\/\/galerialamanai.com\/en\/?s={search_term_string}"},"query-input":{"@type":"PropertyValueSpecification","valueRequired":true,"valueName":"search_term_string"}}],"inLanguage":"en-US"},{"@type":"Organization","@id":"https:\/\/galerialamanai.com\/en\/#organization","name":"Galer\u00eda Lamanai","url":"https:\/\/galerialamanai.com\/en\/","logo":{"@type":"ImageObject","inLanguage":"en-US","@id":"https:\/\/galerialamanai.com\/en\/#\/schema\/logo\/image\/","url":"https:\/\/galerialamanai.com\/wp-content\/uploads\/2020\/09\/galeria_lamanai_logo.png","contentUrl":"https:\/\/galerialamanai.com\/wp-content\/uploads\/2020\/09\/galeria_lamanai_logo.png","width":549,"height":185,"caption":"Galer\u00eda Lamanai"},"image":{"@id":"https:\/\/galerialamanai.com\/en\/#\/schema\/logo\/image\/"}}]}},"_links":{"self":[{"href":"https:\/\/galerialamanai.com\/en\/wp-json\/wp\/v2\/product\/2868","targetHints":{"allow":["GET"]}}],"collection":[{"href":"https:\/\/galerialamanai.com\/en\/wp-json\/wp\/v2\/product"}],"about":[{"href":"https:\/\/galerialamanai.com\/en\/wp-json\/wp\/v2\/types\/product"}],"replies":[{"embeddable":true,"href":"https:\/\/galerialamanai.com\/en\/wp-json\/wp\/v2\/comments?post=2868"}],"wp:featuredmedia":[{"embeddable":true,"href":"https:\/\/galerialamanai.com\/en\/wp-json\/wp\/v2\/media\/1175"}],"wp:attachment":[{"href":"https:\/\/galerialamanai.com\/en\/wp-json\/wp\/v2\/media?parent=2868"}],"wp:term":[{"taxonomy":"product_brand","embeddable":true,"href":"https:\/\/galerialamanai.com\/en\/wp-json\/wp\/v2\/product_brand?post=2868"},{"taxonomy":"product_cat","embeddable":true,"href":"https:\/\/galerialamanai.com\/en\/wp-json\/wp\/v2\/product_cat?post=2868"},{"taxonomy":"product_tag","embeddable":true,"href":"https:\/\/galerialamanai.com\/en\/wp-json\/wp\/v2\/product_tag?post=2868"}],"curies":[{"name":"wp","href":"https:\/\/api.w.org\/{rel}","templated":true}]}}